{"id":386480,"date":"2025-02-20T11:37:42","date_gmt":"2025-02-20T11:37:42","guid":{"rendered":"https:\/\/irankiuzona.lt\/product\/purkstuvas-rankinis-15l-2\/"},"modified":"2026-04-21T15:03:15","modified_gmt":"2026-04-21T15:03:15","slug":"purkstuvas-rankinis-15l-2","status":"publish","type":"product","link":"https:\/\/irankiuzona.lt\/ru\/product\/purkstuvas-rankinis-15l-2\/","title":{"rendered":"Purk\u0161tuvas rankinis 1,5L"},"content":{"rendered":"<p>Tinka \u012fvairiems skys\u010diams, turintiems organini\u0173 tirpikli\u0173, pvz., stabd\u017ei\u0173 valikliui (NE acetonui), riebal\u0173 \u0161alintuvui, plovikliams ir specialiems tepalams.Tinka skys\u010diams, kuri\u0173 PH vert\u0117 yra nuo 3 iki 9.<\/p>","protected":false},"excerpt":{"rendered":"<p>Purk\u0161tuvas rankinis 1,5L<\/p>","protected":false},"featured_media":386482,"comment_status":"open","ping_status":"open","template":"","meta":[],"product_cat":[9687],"product_tag":[],"class_list":{"0":"post-386480","1":"product","2":"type-product","3":"status-publish","4":"has-post-thumbnail","6":"product_cat-indai-eksploataciniams-skysciams-piltuvai-tepalines","8":"first","9":"outofstock","10":"purchasable","11":"product-type-simple"},"jetpack_sharing_enabled":true,"_links":{"self":[{"href":"https:\/\/irankiuzona.lt\/ru\/wp-json\/wp\/v2\/product\/386480","targetHints":{"allow":["GET"]}}],"collection":[{"href":"https:\/\/irankiuzona.lt\/ru\/wp-json\/wp\/v2\/product"}],"about":[{"href":"https:\/\/irankiuzona.lt\/ru\/wp-json\/wp\/v2\/types\/product"}],"replies":[{"embeddable":true,"href":"https:\/\/irankiuzona.lt\/ru\/wp-json\/wp\/v2\/comments?post=386480"}],"version-history":[{"count":1,"href":"https:\/\/irankiuzona.lt\/ru\/wp-json\/wp\/v2\/product\/386480\/revisions"}],"predecessor-version":[{"id":426151,"href":"https:\/\/irankiuzona.lt\/ru\/wp-json\/wp\/v2\/product\/386480\/revisions\/426151"}],"wp:featuredmedia":[{"embeddable":true,"href":"https:\/\/irankiuzona.lt\/ru\/wp-json\/wp\/v2\/media\/386482"}],"wp:attachment":[{"href":"https:\/\/irankiuzona.lt\/ru\/wp-json\/wp\/v2\/media?parent=386480"}],"wp:term":[{"taxonomy":"product_cat","embeddable":true,"href":"https:\/\/irankiuzona.lt\/ru\/wp-json\/wp\/v2\/product_cat?post=386480"},{"taxonomy":"product_tag","embeddable":true,"href":"https:\/\/irankiuzona.lt\/ru\/wp-json\/wp\/v2\/product_tag?post=386480"}],"curies":[{"name":"wp","href":"https:\/\/api.w.org\/{rel}","templated":true}]}}