{"id":386483,"date":"2025-02-20T11:37:44","date_gmt":"2025-02-20T11:37:44","guid":{"rendered":"https:\/\/irankiuzona.lt\/product\/tempimo-gnybtas-siauras-su-kilpa-3t\/"},"modified":"2026-04-15T04:38:18","modified_gmt":"2026-04-15T04:38:18","slug":"tempimo-gnybtas-siauras-su-kilpa-3t","status":"publish","type":"product","link":"https:\/\/irankiuzona.lt\/ru\/product\/tempimo-gnybtas-siauras-su-kilpa-3t\/","title":{"rendered":"Tempimo gnybtas siauras su kilpa 3T"},"content":{"rendered":"<p>Var\u017eto dydis M16\u00d770 mm. Rankenos plotis: 43 mm.Visas ilgis 205 mm.Vienpusis traukimas maks. 3T. \u0160oninis tempimas maks. 1 Lt.Svoris: 2 kg.<\/p>","protected":false},"excerpt":{"rendered":"<p>Tempimo gnybtas siauras su kilpa 3T<\/p>","protected":false},"featured_media":386485,"comment_status":"open","ping_status":"open","template":"","meta":[],"product_cat":[9671],"product_tag":[],"class_list":{"0":"post-386483","1":"product","2":"type-product","3":"status-publish","4":"has-post-thumbnail","6":"product_cat-tampymo-lankstymo-prietaisai","8":"first","9":"outofstock","10":"purchasable","11":"product-type-simple"},"jetpack_sharing_enabled":true,"_links":{"self":[{"href":"https:\/\/irankiuzona.lt\/ru\/wp-json\/wp\/v2\/product\/386483","targetHints":{"allow":["GET"]}}],"collection":[{"href":"https:\/\/irankiuzona.lt\/ru\/wp-json\/wp\/v2\/product"}],"about":[{"href":"https:\/\/irankiuzona.lt\/ru\/wp-json\/wp\/v2\/types\/product"}],"replies":[{"embeddable":true,"href":"https:\/\/irankiuzona.lt\/ru\/wp-json\/wp\/v2\/comments?post=386483"}],"version-history":[{"count":1,"href":"https:\/\/irankiuzona.lt\/ru\/wp-json\/wp\/v2\/product\/386483\/revisions"}],"predecessor-version":[{"id":426152,"href":"https:\/\/irankiuzona.lt\/ru\/wp-json\/wp\/v2\/product\/386483\/revisions\/426152"}],"wp:featuredmedia":[{"embeddable":true,"href":"https:\/\/irankiuzona.lt\/ru\/wp-json\/wp\/v2\/media\/386485"}],"wp:attachment":[{"href":"https:\/\/irankiuzona.lt\/ru\/wp-json\/wp\/v2\/media?parent=386483"}],"wp:term":[{"taxonomy":"product_cat","embeddable":true,"href":"https:\/\/irankiuzona.lt\/ru\/wp-json\/wp\/v2\/product_cat?post=386483"},{"taxonomy":"product_tag","embeddable":true,"href":"https:\/\/irankiuzona.lt\/ru\/wp-json\/wp\/v2\/product_tag?post=386483"}],"curies":[{"name":"wp","href":"https:\/\/api.w.org\/{rel}","templated":true}]}}