{"id":386489,"date":"2025-02-20T11:37:46","date_gmt":"2025-02-20T11:37:46","guid":{"rendered":"https:\/\/irankiuzona.lt\/product\/transmisijos-tepalo-uzpildymo-sistema-6l-13-atf-adapteriu\/"},"modified":"2026-04-14T22:42:12","modified_gmt":"2026-04-14T22:42:12","slug":"transmisijos-tepalo-uzpildymo-sistema-6l-13-atf-adapteriu","status":"publish","type":"product","link":"https:\/\/irankiuzona.lt\/ru\/product\/transmisijos-tepalo-uzpildymo-sistema-6l-13-atf-adapteriu\/","title":{"rendered":"Transmisijos tepalo u\u017epildymo sistema 6L + 13 ATF adapteri\u0173"},"content":{"rendered":"<p>Dvipusis pneumatin\u0117s alyvos ir ATF skys\u010dio dozatorius su 6 litr\u0173 t\u016briu ir 13 adapteri\u0173.Naudojamas greitam ATF skys\u010dio pakeitimui transporto priemoni\u0173 automatin\u0117se pavar\u0173 d\u0117\u017e\u0117se.<\/p>","protected":false},"excerpt":{"rendered":"<p>Transmisijos tepalo u\u017epildymo sistema 6L + 13 ATF adapteri\u0173<\/p>","protected":false},"featured_media":386491,"comment_status":"open","ping_status":"open","template":"","meta":[],"product_cat":[10031],"product_tag":[],"class_list":{"0":"post-386489","1":"product","2":"type-product","3":"status-publish","4":"has-post-thumbnail","6":"product_cat-tepalo-uzpildymo-surinkimo-iranga-talpos-tepalams","8":"first","9":"outofstock","10":"purchasable","11":"product-type-simple"},"jetpack_sharing_enabled":true,"_links":{"self":[{"href":"https:\/\/irankiuzona.lt\/ru\/wp-json\/wp\/v2\/product\/386489","targetHints":{"allow":["GET"]}}],"collection":[{"href":"https:\/\/irankiuzona.lt\/ru\/wp-json\/wp\/v2\/product"}],"about":[{"href":"https:\/\/irankiuzona.lt\/ru\/wp-json\/wp\/v2\/types\/product"}],"replies":[{"embeddable":true,"href":"https:\/\/irankiuzona.lt\/ru\/wp-json\/wp\/v2\/comments?post=386489"}],"version-history":[{"count":1,"href":"https:\/\/irankiuzona.lt\/ru\/wp-json\/wp\/v2\/product\/386489\/revisions"}],"predecessor-version":[{"id":426154,"href":"https:\/\/irankiuzona.lt\/ru\/wp-json\/wp\/v2\/product\/386489\/revisions\/426154"}],"wp:featuredmedia":[{"embeddable":true,"href":"https:\/\/irankiuzona.lt\/ru\/wp-json\/wp\/v2\/media\/386491"}],"wp:attachment":[{"href":"https:\/\/irankiuzona.lt\/ru\/wp-json\/wp\/v2\/media?parent=386489"}],"wp:term":[{"taxonomy":"product_cat","embeddable":true,"href":"https:\/\/irankiuzona.lt\/ru\/wp-json\/wp\/v2\/product_cat?post=386489"},{"taxonomy":"product_tag","embeddable":true,"href":"https:\/\/irankiuzona.lt\/ru\/wp-json\/wp\/v2\/product_tag?post=386489"}],"curies":[{"name":"wp","href":"https:\/\/api.w.org\/{rel}","templated":true}]}}