{"id":386498,"date":"2025-02-20T11:37:52","date_gmt":"2025-02-20T11:37:52","guid":{"rendered":"https:\/\/irankiuzona.lt\/product\/tempimo-kablys-dvieju-ausu-5t\/"},"modified":"2026-04-21T15:03:16","modified_gmt":"2026-04-21T15:03:16","slug":"tempimo-kablys-dvieju-ausu-5t","status":"publish","type":"product","link":"https:\/\/irankiuzona.lt\/ru\/product\/tempimo-kablys-dvieju-ausu-5t\/","title":{"rendered":"Tempimo kablys dviej\u0173 aus\u0173 5T"},"content":{"rendered":"<p>Nor\u0117dami padidinti \u012ftamp\u0105, vienas \u0161alia kito gali b\u016bti naudojami du spaustukai.Naudokite su 5\/16&quot; arba 3\/8&quot; grandin\u0117mis.Keliamoji galia: 5 tonos.<\/p>","protected":false},"excerpt":{"rendered":"<p>Tempimo kablys dviej\u0173 aus\u0173 5T<\/p>","protected":false},"featured_media":386500,"comment_status":"open","ping_status":"open","template":"","meta":[],"product_cat":[9671],"product_tag":[],"class_list":{"0":"post-386498","1":"product","2":"type-product","3":"status-publish","4":"has-post-thumbnail","6":"product_cat-tampymo-lankstymo-prietaisai","8":"first","9":"instock","10":"purchasable","11":"product-type-simple"},"jetpack_sharing_enabled":true,"_links":{"self":[{"href":"https:\/\/irankiuzona.lt\/ru\/wp-json\/wp\/v2\/product\/386498","targetHints":{"allow":["GET"]}}],"collection":[{"href":"https:\/\/irankiuzona.lt\/ru\/wp-json\/wp\/v2\/product"}],"about":[{"href":"https:\/\/irankiuzona.lt\/ru\/wp-json\/wp\/v2\/types\/product"}],"replies":[{"embeddable":true,"href":"https:\/\/irankiuzona.lt\/ru\/wp-json\/wp\/v2\/comments?post=386498"}],"version-history":[{"count":1,"href":"https:\/\/irankiuzona.lt\/ru\/wp-json\/wp\/v2\/product\/386498\/revisions"}],"predecessor-version":[{"id":426159,"href":"https:\/\/irankiuzona.lt\/ru\/wp-json\/wp\/v2\/product\/386498\/revisions\/426159"}],"wp:featuredmedia":[{"embeddable":true,"href":"https:\/\/irankiuzona.lt\/ru\/wp-json\/wp\/v2\/media\/386500"}],"wp:attachment":[{"href":"https:\/\/irankiuzona.lt\/ru\/wp-json\/wp\/v2\/media?parent=386498"}],"wp:term":[{"taxonomy":"product_cat","embeddable":true,"href":"https:\/\/irankiuzona.lt\/ru\/wp-json\/wp\/v2\/product_cat?post=386498"},{"taxonomy":"product_tag","embeddable":true,"href":"https:\/\/irankiuzona.lt\/ru\/wp-json\/wp\/v2\/product_tag?post=386498"}],"curies":[{"name":"wp","href":"https:\/\/api.w.org\/{rel}","templated":true}]}}