{"id":386507,"date":"2025-02-20T11:37:55","date_gmt":"2025-02-20T11:37:55","guid":{"rendered":"https:\/\/irankiuzona.lt\/product\/galvutes-oro-kondicionieriui-ardymui-a-c-12-vnt\/"},"modified":"2026-04-16T20:57:40","modified_gmt":"2026-04-16T20:57:40","slug":"galvutes-oro-kondicionieriui-ardymui-a-c-12-vnt","status":"publish","type":"product","link":"https:\/\/irankiuzona.lt\/ru\/product\/galvutes-oro-kondicionieriui-ardymui-a-c-12-vnt\/","title":{"rendered":"Galvut\u0117s oro kondicionieriui ardymui A\/C 12 vnt."},"content":{"rendered":"<p>Patogus rinkinys, skirtas nuimti plastikinius vo\u017etuv\u0173 dangtelius ir vo\u017etuv\u0173 kotus, kai atliekama automobili\u0173 oro kondicionavimo sistem\u0173 technin\u0117 prie\u017ei\u016bra arba taisymas.2 jungtys SW12 IR SW15 (1\/4&quot; DR bendras ilgis 40 mm).2 specialios galvut\u0117s 2,2 mm ir 3,2 mm (1\/4&quot; DR bendras ilgis 50 mm).antgali\u0173 laikiklis 1 x 1\/4&quot;.7 x 5 ta\u0161k\u0173 fiksuoti bitai \u2013 TS10\/TS15\/TS20 \/ TS25 \/ TS27\/TS30 IR TS40.<\/p>","protected":false},"excerpt":{"rendered":"<p>Galvut\u0117s oro kondicionieriui ardymui A\/C 12 vnt.<\/p>","protected":false},"featured_media":386509,"comment_status":"open","ping_status":"open","template":"","meta":[],"product_cat":[9789],"product_tag":[],"class_list":{"0":"post-386507","1":"product","2":"type-product","3":"status-publish","4":"has-post-thumbnail","6":"product_cat-iranga-kondicionieriu-pildymui-priedai","8":"first","9":"instock","10":"purchasable","11":"product-type-simple"},"jetpack_sharing_enabled":true,"_links":{"self":[{"href":"https:\/\/irankiuzona.lt\/ru\/wp-json\/wp\/v2\/product\/386507","targetHints":{"allow":["GET"]}}],"collection":[{"href":"https:\/\/irankiuzona.lt\/ru\/wp-json\/wp\/v2\/product"}],"about":[{"href":"https:\/\/irankiuzona.lt\/ru\/wp-json\/wp\/v2\/types\/product"}],"replies":[{"embeddable":true,"href":"https:\/\/irankiuzona.lt\/ru\/wp-json\/wp\/v2\/comments?post=386507"}],"version-history":[{"count":1,"href":"https:\/\/irankiuzona.lt\/ru\/wp-json\/wp\/v2\/product\/386507\/revisions"}],"predecessor-version":[{"id":426162,"href":"https:\/\/irankiuzona.lt\/ru\/wp-json\/wp\/v2\/product\/386507\/revisions\/426162"}],"wp:featuredmedia":[{"embeddable":true,"href":"https:\/\/irankiuzona.lt\/ru\/wp-json\/wp\/v2\/media\/386509"}],"wp:attachment":[{"href":"https:\/\/irankiuzona.lt\/ru\/wp-json\/wp\/v2\/media?parent=386507"}],"wp:term":[{"taxonomy":"product_cat","embeddable":true,"href":"https:\/\/irankiuzona.lt\/ru\/wp-json\/wp\/v2\/product_cat?post=386507"},{"taxonomy":"product_tag","embeddable":true,"href":"https:\/\/irankiuzona.lt\/ru\/wp-json\/wp\/v2\/product_tag?post=386507"}],"curies":[{"name":"wp","href":"https:\/\/api.w.org\/{rel}","templated":true}]}}