{"id":386510,"date":"2025-02-20T11:37:57","date_gmt":"2025-02-20T11:37:57","guid":{"rendered":"https:\/\/irankiuzona.lt\/product\/tempimo-gnybtas-5t-multi-krypciu\/"},"modified":"2026-04-16T19:32:50","modified_gmt":"2026-04-16T19:32:50","slug":"tempimo-gnybtas-5t-multi-krypciu","status":"publish","type":"product","link":"https:\/\/irankiuzona.lt\/ru\/product\/tempimo-gnybtas-5t-multi-krypciu\/","title":{"rendered":"Tempimo gnybtas 5T multi kryp\u010di\u0173"},"content":{"rendered":"<p>Plotis: 50 mm. Var\u017eto dydis M14\u00d770 mm.5 tonos, Daugiakryptis, 3 tonos.Svoris: 3,4 kg.<\/p>","protected":false},"excerpt":{"rendered":"<p>Tempimo gnybtas 5T multi kryp\u010di\u0173<\/p>","protected":false},"featured_media":386512,"comment_status":"open","ping_status":"open","template":"","meta":[],"product_cat":[9671],"product_tag":[],"class_list":{"0":"post-386510","1":"product","2":"type-product","3":"status-publish","4":"has-post-thumbnail","6":"product_cat-tampymo-lankstymo-prietaisai","8":"first","9":"instock","10":"purchasable","11":"product-type-simple"},"jetpack_sharing_enabled":true,"_links":{"self":[{"href":"https:\/\/irankiuzona.lt\/ru\/wp-json\/wp\/v2\/product\/386510","targetHints":{"allow":["GET"]}}],"collection":[{"href":"https:\/\/irankiuzona.lt\/ru\/wp-json\/wp\/v2\/product"}],"about":[{"href":"https:\/\/irankiuzona.lt\/ru\/wp-json\/wp\/v2\/types\/product"}],"replies":[{"embeddable":true,"href":"https:\/\/irankiuzona.lt\/ru\/wp-json\/wp\/v2\/comments?post=386510"}],"version-history":[{"count":1,"href":"https:\/\/irankiuzona.lt\/ru\/wp-json\/wp\/v2\/product\/386510\/revisions"}],"predecessor-version":[{"id":426164,"href":"https:\/\/irankiuzona.lt\/ru\/wp-json\/wp\/v2\/product\/386510\/revisions\/426164"}],"wp:featuredmedia":[{"embeddable":true,"href":"https:\/\/irankiuzona.lt\/ru\/wp-json\/wp\/v2\/media\/386512"}],"wp:attachment":[{"href":"https:\/\/irankiuzona.lt\/ru\/wp-json\/wp\/v2\/media?parent=386510"}],"wp:term":[{"taxonomy":"product_cat","embeddable":true,"href":"https:\/\/irankiuzona.lt\/ru\/wp-json\/wp\/v2\/product_cat?post=386510"},{"taxonomy":"product_tag","embeddable":true,"href":"https:\/\/irankiuzona.lt\/ru\/wp-json\/wp\/v2\/product_tag?post=386510"}],"curies":[{"name":"wp","href":"https:\/\/api.w.org\/{rel}","templated":true}]}}