{"id":386513,"date":"2025-02-20T11:37:59","date_gmt":"2025-02-20T11:37:59","guid":{"rendered":"https:\/\/irankiuzona.lt\/product\/tempimo-gnybtas-2-krypciu-5t\/"},"modified":"2026-04-16T14:51:29","modified_gmt":"2026-04-16T14:51:29","slug":"tempimo-gnybtas-2-krypciu-5t","status":"publish","type":"product","link":"https:\/\/irankiuzona.lt\/ru\/product\/tempimo-gnybtas-2-krypciu-5t\/","title":{"rendered":"Tempimo gnybtas 2-kryp\u010di\u0173 5T"},"content":{"rendered":"<p>Var\u017eto dydis M14\u00d7120 mm. Rankenos plotis: 38 mm.Visas ilgis 245 mm.Maksimali traukimo j\u0117ga vienoje pus\u0117je 5 tonos.Svoris: 2.3 kg.<\/p>","protected":false},"excerpt":{"rendered":"<p>Tempimo gnybtas 2-kryp\u010di\u0173 5T<\/p>","protected":false},"featured_media":386515,"comment_status":"open","ping_status":"open","template":"","meta":[],"product_cat":[9671],"product_tag":[],"class_list":{"0":"post-386513","1":"product","2":"type-product","3":"status-publish","4":"has-post-thumbnail","6":"product_cat-tampymo-lankstymo-prietaisai","8":"first","9":"instock","10":"purchasable","11":"product-type-simple"},"jetpack_sharing_enabled":true,"_links":{"self":[{"href":"https:\/\/irankiuzona.lt\/ru\/wp-json\/wp\/v2\/product\/386513","targetHints":{"allow":["GET"]}}],"collection":[{"href":"https:\/\/irankiuzona.lt\/ru\/wp-json\/wp\/v2\/product"}],"about":[{"href":"https:\/\/irankiuzona.lt\/ru\/wp-json\/wp\/v2\/types\/product"}],"replies":[{"embeddable":true,"href":"https:\/\/irankiuzona.lt\/ru\/wp-json\/wp\/v2\/comments?post=386513"}],"version-history":[{"count":1,"href":"https:\/\/irankiuzona.lt\/ru\/wp-json\/wp\/v2\/product\/386513\/revisions"}],"predecessor-version":[{"id":426165,"href":"https:\/\/irankiuzona.lt\/ru\/wp-json\/wp\/v2\/product\/386513\/revisions\/426165"}],"wp:featuredmedia":[{"embeddable":true,"href":"https:\/\/irankiuzona.lt\/ru\/wp-json\/wp\/v2\/media\/386515"}],"wp:attachment":[{"href":"https:\/\/irankiuzona.lt\/ru\/wp-json\/wp\/v2\/media?parent=386513"}],"wp:term":[{"taxonomy":"product_cat","embeddable":true,"href":"https:\/\/irankiuzona.lt\/ru\/wp-json\/wp\/v2\/product_cat?post=386513"},{"taxonomy":"product_tag","embeddable":true,"href":"https:\/\/irankiuzona.lt\/ru\/wp-json\/wp\/v2\/product_tag?post=386513"}],"curies":[{"name":"wp","href":"https:\/\/api.w.org\/{rel}","templated":true}]}}