{"id":386516,"date":"2025-02-20T11:38:01","date_gmt":"2025-02-20T11:38:01","guid":{"rendered":"https:\/\/irankiuzona.lt\/product\/transmisijos-tepalo-uzpildymo-sistema-10l-13-atf-adapteriu\/"},"modified":"2026-04-14T20:49:33","modified_gmt":"2026-04-14T20:49:33","slug":"transmisijos-tepalo-uzpildymo-sistema-10l-13-atf-adapteriu","status":"publish","type":"product","link":"https:\/\/irankiuzona.lt\/ru\/product\/transmisijos-tepalo-uzpildymo-sistema-10l-13-atf-adapteriu\/","title":{"rendered":"Transmisijos tepalo u\u017epildymo sistema 10L + 13 ATF adapteri\u0173"},"content":{"rendered":"<p>Dvipusis pneumatin\u0117s alyvos ir ATF skys\u010dio dozatorius su\u00a010 litr\u0173 t\u016briu ir 13 adapteri\u0173.Naudojamas greitam ATF skys\u010dio pakeitimui transporto priemoni\u0173 automatin\u0117se pavar\u0173 d\u0117\u017e\u0117se.<\/p>","protected":false},"excerpt":{"rendered":"<p>Transmisijos tepalo u\u017epildymo sistema 10L + 13 ATF adapteri\u0173<\/p>","protected":false},"featured_media":386518,"comment_status":"open","ping_status":"open","template":"","meta":[],"product_cat":[10031],"product_tag":[],"class_list":{"0":"post-386516","1":"product","2":"type-product","3":"status-publish","4":"has-post-thumbnail","6":"product_cat-tepalo-uzpildymo-surinkimo-iranga-talpos-tepalams","8":"first","9":"outofstock","10":"purchasable","11":"product-type-simple"},"jetpack_sharing_enabled":true,"_links":{"self":[{"href":"https:\/\/irankiuzona.lt\/ru\/wp-json\/wp\/v2\/product\/386516","targetHints":{"allow":["GET"]}}],"collection":[{"href":"https:\/\/irankiuzona.lt\/ru\/wp-json\/wp\/v2\/product"}],"about":[{"href":"https:\/\/irankiuzona.lt\/ru\/wp-json\/wp\/v2\/types\/product"}],"replies":[{"embeddable":true,"href":"https:\/\/irankiuzona.lt\/ru\/wp-json\/wp\/v2\/comments?post=386516"}],"version-history":[{"count":1,"href":"https:\/\/irankiuzona.lt\/ru\/wp-json\/wp\/v2\/product\/386516\/revisions"}],"predecessor-version":[{"id":426167,"href":"https:\/\/irankiuzona.lt\/ru\/wp-json\/wp\/v2\/product\/386516\/revisions\/426167"}],"wp:featuredmedia":[{"embeddable":true,"href":"https:\/\/irankiuzona.lt\/ru\/wp-json\/wp\/v2\/media\/386518"}],"wp:attachment":[{"href":"https:\/\/irankiuzona.lt\/ru\/wp-json\/wp\/v2\/media?parent=386516"}],"wp:term":[{"taxonomy":"product_cat","embeddable":true,"href":"https:\/\/irankiuzona.lt\/ru\/wp-json\/wp\/v2\/product_cat?post=386516"},{"taxonomy":"product_tag","embeddable":true,"href":"https:\/\/irankiuzona.lt\/ru\/wp-json\/wp\/v2\/product_tag?post=386516"}],"curies":[{"name":"wp","href":"https:\/\/api.w.org\/{rel}","templated":true}]}}