{"id":386522,"date":"2025-02-20T11:38:05","date_gmt":"2025-02-20T11:38:05","guid":{"rendered":"https:\/\/irankiuzona.lt\/product\/tempimo-gnybtas-su-kilpa-3t\/"},"modified":"2026-04-15T01:02:08","modified_gmt":"2026-04-15T01:02:08","slug":"tempimo-gnybtas-su-kilpa-3t","status":"publish","type":"product","link":"https:\/\/irankiuzona.lt\/ru\/product\/tempimo-gnybtas-su-kilpa-3t\/","title":{"rendered":"Tempimo gnybtas su kilpa  3T"},"content":{"rendered":"<p>Var\u017eto dydis M14\u00d7120 mm. Rankenos plotis: 35 mm.Visas ilgis 230 mm.Maksimali traukimo j\u0117ga vienoje pus\u0117je 3 tonos.Svoris: 1,9 kg.<\/p>","protected":false},"excerpt":{"rendered":"<p>Tempimo gnybtas su kilpa\u00a0 3T<\/p>","protected":false},"featured_media":386524,"comment_status":"open","ping_status":"open","template":"","meta":[],"product_cat":[9671],"product_tag":[],"class_list":{"0":"post-386522","1":"product","2":"type-product","3":"status-publish","4":"has-post-thumbnail","6":"product_cat-tampymo-lankstymo-prietaisai","8":"first","9":"outofstock","10":"purchasable","11":"product-type-simple"},"jetpack_sharing_enabled":true,"_links":{"self":[{"href":"https:\/\/irankiuzona.lt\/ru\/wp-json\/wp\/v2\/product\/386522","targetHints":{"allow":["GET"]}}],"collection":[{"href":"https:\/\/irankiuzona.lt\/ru\/wp-json\/wp\/v2\/product"}],"about":[{"href":"https:\/\/irankiuzona.lt\/ru\/wp-json\/wp\/v2\/types\/product"}],"replies":[{"embeddable":true,"href":"https:\/\/irankiuzona.lt\/ru\/wp-json\/wp\/v2\/comments?post=386522"}],"version-history":[{"count":1,"href":"https:\/\/irankiuzona.lt\/ru\/wp-json\/wp\/v2\/product\/386522\/revisions"}],"predecessor-version":[{"id":426170,"href":"https:\/\/irankiuzona.lt\/ru\/wp-json\/wp\/v2\/product\/386522\/revisions\/426170"}],"wp:featuredmedia":[{"embeddable":true,"href":"https:\/\/irankiuzona.lt\/ru\/wp-json\/wp\/v2\/media\/386524"}],"wp:attachment":[{"href":"https:\/\/irankiuzona.lt\/ru\/wp-json\/wp\/v2\/media?parent=386522"}],"wp:term":[{"taxonomy":"product_cat","embeddable":true,"href":"https:\/\/irankiuzona.lt\/ru\/wp-json\/wp\/v2\/product_cat?post=386522"},{"taxonomy":"product_tag","embeddable":true,"href":"https:\/\/irankiuzona.lt\/ru\/wp-json\/wp\/v2\/product_tag?post=386522"}],"curies":[{"name":"wp","href":"https:\/\/api.w.org\/{rel}","templated":true}]}}