{"id":386528,"date":"2025-02-20T11:38:08","date_gmt":"2025-02-20T11:38:08","guid":{"rendered":"https:\/\/irankiuzona.lt\/product\/tempimo-kabliai-su-grandine-3t\/"},"modified":"2026-04-21T18:03:44","modified_gmt":"2026-04-21T18:03:44","slug":"tempimo-kabliai-su-grandine-3t","status":"publish","type":"product","link":"https:\/\/irankiuzona.lt\/ru\/product\/tempimo-kabliai-su-grandine-3t\/","title":{"rendered":"Tempimo kabliai su grandine 3T"},"content":{"rendered":"<p>Dvigubas kabliukas, tinka 10 mm (3\/8&quot;) grandin\u0117l\u0117ms, G80 klas\u0117.Galia: 3 tonos.Svoris: 1,3 kg.<\/p>","protected":false},"excerpt":{"rendered":"<p>Tempimo kabliai su grandine 3T<\/p>","protected":false},"featured_media":386530,"comment_status":"open","ping_status":"open","template":"","meta":[],"product_cat":[9671],"product_tag":[],"class_list":{"0":"post-386528","1":"product","2":"type-product","3":"status-publish","4":"has-post-thumbnail","6":"product_cat-tampymo-lankstymo-prietaisai","8":"first","9":"instock","10":"purchasable","11":"product-type-simple"},"jetpack_sharing_enabled":true,"_links":{"self":[{"href":"https:\/\/irankiuzona.lt\/ru\/wp-json\/wp\/v2\/product\/386528","targetHints":{"allow":["GET"]}}],"collection":[{"href":"https:\/\/irankiuzona.lt\/ru\/wp-json\/wp\/v2\/product"}],"about":[{"href":"https:\/\/irankiuzona.lt\/ru\/wp-json\/wp\/v2\/types\/product"}],"replies":[{"embeddable":true,"href":"https:\/\/irankiuzona.lt\/ru\/wp-json\/wp\/v2\/comments?post=386528"}],"version-history":[{"count":1,"href":"https:\/\/irankiuzona.lt\/ru\/wp-json\/wp\/v2\/product\/386528\/revisions"}],"predecessor-version":[{"id":426173,"href":"https:\/\/irankiuzona.lt\/ru\/wp-json\/wp\/v2\/product\/386528\/revisions\/426173"}],"wp:featuredmedia":[{"embeddable":true,"href":"https:\/\/irankiuzona.lt\/ru\/wp-json\/wp\/v2\/media\/386530"}],"wp:attachment":[{"href":"https:\/\/irankiuzona.lt\/ru\/wp-json\/wp\/v2\/media?parent=386528"}],"wp:term":[{"taxonomy":"product_cat","embeddable":true,"href":"https:\/\/irankiuzona.lt\/ru\/wp-json\/wp\/v2\/product_cat?post=386528"},{"taxonomy":"product_tag","embeddable":true,"href":"https:\/\/irankiuzona.lt\/ru\/wp-json\/wp\/v2\/product_tag?post=386528"}],"curies":[{"name":"wp","href":"https:\/\/api.w.org\/{rel}","templated":true}]}}