{"id":386549,"date":"2025-02-20T11:38:22","date_gmt":"2025-02-20T11:38:22","guid":{"rendered":"https:\/\/irankiuzona.lt\/product\/vairo-traukiu-nuemejas-29mm\/"},"modified":"2026-04-04T10:13:18","modified_gmt":"2026-04-04T10:13:18","slug":"vairo-traukiu-nuemejas-29mm","status":"publish","type":"product","link":"https:\/\/irankiuzona.lt\/ru\/product\/vairo-traukiu-nuemejas-29mm\/","title":{"rendered":"Vairo trauki\u0173 nu\u0117m\u0117jas 29mm"},"content":{"rendered":"<p>29mm<\/p>","protected":false},"excerpt":{"rendered":"<p>Vairo trauki\u0173 nu\u0117m\u0117jas 29mm<\/p>","protected":false},"featured_media":386551,"comment_status":"open","ping_status":"open","template":"","meta":[],"product_cat":[9528],"product_tag":[],"class_list":{"0":"post-386549","1":"product","2":"type-product","3":"status-publish","4":"has-post-thumbnail","6":"product_cat-vairo-traukiu-irankiai","8":"first","9":"instock","10":"purchasable","11":"product-type-simple"},"jetpack_sharing_enabled":true,"_links":{"self":[{"href":"https:\/\/irankiuzona.lt\/ru\/wp-json\/wp\/v2\/product\/386549","targetHints":{"allow":["GET"]}}],"collection":[{"href":"https:\/\/irankiuzona.lt\/ru\/wp-json\/wp\/v2\/product"}],"about":[{"href":"https:\/\/irankiuzona.lt\/ru\/wp-json\/wp\/v2\/types\/product"}],"replies":[{"embeddable":true,"href":"https:\/\/irankiuzona.lt\/ru\/wp-json\/wp\/v2\/comments?post=386549"}],"version-history":[{"count":0,"href":"https:\/\/irankiuzona.lt\/ru\/wp-json\/wp\/v2\/product\/386549\/revisions"}],"wp:featuredmedia":[{"embeddable":true,"href":"https:\/\/irankiuzona.lt\/ru\/wp-json\/wp\/v2\/media\/386551"}],"wp:attachment":[{"href":"https:\/\/irankiuzona.lt\/ru\/wp-json\/wp\/v2\/media?parent=386549"}],"wp:term":[{"taxonomy":"product_cat","embeddable":true,"href":"https:\/\/irankiuzona.lt\/ru\/wp-json\/wp\/v2\/product_cat?post=386549"},{"taxonomy":"product_tag","embeddable":true,"href":"https:\/\/irankiuzona.lt\/ru\/wp-json\/wp\/v2\/product_tag?post=386549"}],"curies":[{"name":"wp","href":"https:\/\/api.w.org\/{rel}","templated":true}]}}