{"id":386552,"date":"2025-02-20T11:38:23","date_gmt":"2025-02-20T11:38:23","guid":{"rendered":"https:\/\/irankiuzona.lt\/product\/indas-skysciams-tepalams-8l\/"},"modified":"2026-05-14T17:24:07","modified_gmt":"2026-05-14T17:24:07","slug":"indas-skysciams-tepalams-8l","status":"publish","type":"product","link":"https:\/\/irankiuzona.lt\/ru\/product\/indas-skysciams-tepalams-8l\/","title":{"rendered":"Indas skys\u010diams, tepalams 8L"},"content":{"rendered":"<p>Alyvos i\u0161leidimo bakas 8 litrai.skirtas surinkti techninius skys\u010dius transporto priemon\u0117s prie\u017ei\u016bros metu.Produktas leid\u017eia i\u0161laikyti darbo viet\u0105 \u0161vari\u0105.Alyvos bake sumontuotas specialus i\u0161leidimo antgalis, u\u017etikrinantis tinkam\u0105 alyvos nutek\u0117jim\u0105.<\/p>","protected":false},"excerpt":{"rendered":"<p>Indas skys\u010diams, tepalams 8L<\/p>","protected":false},"featured_media":386554,"comment_status":"open","ping_status":"open","template":"","meta":[],"product_cat":[10031],"product_tag":[],"class_list":{"0":"post-386552","1":"product","2":"type-product","3":"status-publish","4":"has-post-thumbnail","6":"product_cat-tepalo-uzpildymo-surinkimo-iranga-talpos-tepalams","8":"first","9":"instock","10":"purchasable","11":"product-type-simple"},"jetpack_sharing_enabled":true,"_links":{"self":[{"href":"https:\/\/irankiuzona.lt\/ru\/wp-json\/wp\/v2\/product\/386552","targetHints":{"allow":["GET"]}}],"collection":[{"href":"https:\/\/irankiuzona.lt\/ru\/wp-json\/wp\/v2\/product"}],"about":[{"href":"https:\/\/irankiuzona.lt\/ru\/wp-json\/wp\/v2\/types\/product"}],"replies":[{"embeddable":true,"href":"https:\/\/irankiuzona.lt\/ru\/wp-json\/wp\/v2\/comments?post=386552"}],"version-history":[{"count":1,"href":"https:\/\/irankiuzona.lt\/ru\/wp-json\/wp\/v2\/product\/386552\/revisions"}],"predecessor-version":[{"id":426184,"href":"https:\/\/irankiuzona.lt\/ru\/wp-json\/wp\/v2\/product\/386552\/revisions\/426184"}],"wp:featuredmedia":[{"embeddable":true,"href":"https:\/\/irankiuzona.lt\/ru\/wp-json\/wp\/v2\/media\/386554"}],"wp:attachment":[{"href":"https:\/\/irankiuzona.lt\/ru\/wp-json\/wp\/v2\/media?parent=386552"}],"wp:term":[{"taxonomy":"product_cat","embeddable":true,"href":"https:\/\/irankiuzona.lt\/ru\/wp-json\/wp\/v2\/product_cat?post=386552"},{"taxonomy":"product_tag","embeddable":true,"href":"https:\/\/irankiuzona.lt\/ru\/wp-json\/wp\/v2\/product_tag?post=386552"}],"curies":[{"name":"wp","href":"https:\/\/api.w.org\/{rel}","templated":true}]}}