{"id":386558,"date":"2025-02-20T11:38:27","date_gmt":"2025-02-20T11:38:27","guid":{"rendered":"https:\/\/irankiuzona.lt\/product\/rankine-pompa-skysciams-ir-tepalams-55l\/"},"modified":"2026-04-11T20:59:21","modified_gmt":"2026-04-11T20:59:21","slug":"rankine-pompa-skysciams-ir-tepalams-55l","status":"publish","type":"product","link":"https:\/\/irankiuzona.lt\/ru\/product\/rankine-pompa-skysciams-ir-tepalams-55l\/","title":{"rendered":"Rankin\u0117 pompa skys\u010diams ir tepalams 5,5L"},"content":{"rendered":"<p>Rankin\u0117 pompa, skirta siurbti techninius skys\u010dius.Naudojamas automobiliams, motociklams, valtims.Talpa: 5,5 litro.<\/p>","protected":false},"excerpt":{"rendered":"<p>Rankin\u0117 pompa skys\u010diams ir tepalams 5,5L<\/p>","protected":false},"featured_media":386560,"comment_status":"open","ping_status":"open","template":"","meta":[],"product_cat":[9571],"product_tag":[],"class_list":{"0":"post-386558","1":"product","2":"type-product","3":"status-publish","4":"has-post-thumbnail","6":"product_cat-pompos-alyvai-degalams-sifonai","8":"first","9":"instock","10":"purchasable","11":"product-type-simple"},"jetpack_sharing_enabled":true,"_links":{"self":[{"href":"https:\/\/irankiuzona.lt\/ru\/wp-json\/wp\/v2\/product\/386558","targetHints":{"allow":["GET"]}}],"collection":[{"href":"https:\/\/irankiuzona.lt\/ru\/wp-json\/wp\/v2\/product"}],"about":[{"href":"https:\/\/irankiuzona.lt\/ru\/wp-json\/wp\/v2\/types\/product"}],"replies":[{"embeddable":true,"href":"https:\/\/irankiuzona.lt\/ru\/wp-json\/wp\/v2\/comments?post=386558"}],"version-history":[{"count":1,"href":"https:\/\/irankiuzona.lt\/ru\/wp-json\/wp\/v2\/product\/386558\/revisions"}],"predecessor-version":[{"id":426187,"href":"https:\/\/irankiuzona.lt\/ru\/wp-json\/wp\/v2\/product\/386558\/revisions\/426187"}],"wp:featuredmedia":[{"embeddable":true,"href":"https:\/\/irankiuzona.lt\/ru\/wp-json\/wp\/v2\/media\/386560"}],"wp:attachment":[{"href":"https:\/\/irankiuzona.lt\/ru\/wp-json\/wp\/v2\/media?parent=386558"}],"wp:term":[{"taxonomy":"product_cat","embeddable":true,"href":"https:\/\/irankiuzona.lt\/ru\/wp-json\/wp\/v2\/product_cat?post=386558"},{"taxonomy":"product_tag","embeddable":true,"href":"https:\/\/irankiuzona.lt\/ru\/wp-json\/wp\/v2\/product_tag?post=386558"}],"curies":[{"name":"wp","href":"https:\/\/api.w.org\/{rel}","templated":true}]}}