{"id":386579,"date":"2025-02-20T11:38:38","date_gmt":"2025-02-20T11:38:38","guid":{"rendered":"https:\/\/irankiuzona.lt\/product\/prailgintuvas-riteje-3x1-5mm2-40m-2\/"},"modified":"2026-04-15T06:32:23","modified_gmt":"2026-04-15T06:32:23","slug":"prailgintuvas-riteje-3x1-5mm2-40m-2","status":"publish","type":"product","link":"https:\/\/irankiuzona.lt\/ru\/product\/prailgintuvas-riteje-3x1-5mm2-40m-2\/","title":{"rendered":"Prailgintuvas rit\u0117je 3&#215;1.5mm2 40m"},"content":{"rendered":"<p>Techniniai duomenys:<br \/>\nilgis: 40 mvarin\u0117 vielavardin\u0117 \u012ftampa ir da\u017enis: 230V\/50Hzmaksimali apkrova: i\u0161vyniotas laidas &#8211; 13A, 3200W; suvyniotas kabelis &#8211; 5A, 1200W\u012f\u017eeminimas: taiplizd\u0173 skai\u010dius: 4terminis saugiklis: taip<\/p>","protected":false},"excerpt":{"rendered":"<p>Prailgintuvas rit\u0117je 3&#215;1.5mm2 40m\u00a0<\/p>","protected":false},"featured_media":386581,"comment_status":"open","ping_status":"open","template":"","meta":[],"product_cat":[9866],"product_tag":[10087],"class_list":{"0":"post-386579","1":"product","2":"type-product","3":"status-publish","4":"has-post-thumbnail","6":"product_brand-verke","7":"product_cat-elektros-prailgintuvai","8":"product_tag-verke","10":"first","11":"instock","12":"purchasable","13":"product-type-simple"},"jetpack_sharing_enabled":true,"_links":{"self":[{"href":"https:\/\/irankiuzona.lt\/ru\/wp-json\/wp\/v2\/product\/386579","targetHints":{"allow":["GET"]}}],"collection":[{"href":"https:\/\/irankiuzona.lt\/ru\/wp-json\/wp\/v2\/product"}],"about":[{"href":"https:\/\/irankiuzona.lt\/ru\/wp-json\/wp\/v2\/types\/product"}],"replies":[{"embeddable":true,"href":"https:\/\/irankiuzona.lt\/ru\/wp-json\/wp\/v2\/comments?post=386579"}],"version-history":[{"count":1,"href":"https:\/\/irankiuzona.lt\/ru\/wp-json\/wp\/v2\/product\/386579\/revisions"}],"predecessor-version":[{"id":426194,"href":"https:\/\/irankiuzona.lt\/ru\/wp-json\/wp\/v2\/product\/386579\/revisions\/426194"}],"wp:featuredmedia":[{"embeddable":true,"href":"https:\/\/irankiuzona.lt\/ru\/wp-json\/wp\/v2\/media\/386581"}],"wp:attachment":[{"href":"https:\/\/irankiuzona.lt\/ru\/wp-json\/wp\/v2\/media?parent=386579"}],"wp:term":[{"taxonomy":"product_cat","embeddable":true,"href":"https:\/\/irankiuzona.lt\/ru\/wp-json\/wp\/v2\/product_cat?post=386579"},{"taxonomy":"product_tag","embeddable":true,"href":"https:\/\/irankiuzona.lt\/ru\/wp-json\/wp\/v2\/product_tag?post=386579"}],"curies":[{"name":"wp","href":"https:\/\/api.w.org\/{rel}","templated":true}]}}