{"id":386582,"date":"2025-02-20T11:38:40","date_gmt":"2025-02-20T11:38:40","guid":{"rendered":"https:\/\/irankiuzona.lt\/product\/reples-laikiklis-280mm-suvirinimo-reples\/"},"modified":"2026-04-19T14:18:13","modified_gmt":"2026-04-19T14:18:13","slug":"reples-laikiklis-280mm-suvirinimo-reples","status":"publish","type":"product","link":"https:\/\/irankiuzona.lt\/ru\/product\/reples-laikiklis-280mm-suvirinimo-reples\/","title":{"rendered":"Repl\u0117s-laikiklis 280mm \/ suvirinimo repl\u0117s"},"content":{"rendered":"<p>med\u017eiaga: CR-Vtipas: Cdydis: 280 mmmaks. atstumas tarp \u017eandikauli\u0173: 70 mm<\/p>","protected":false},"excerpt":{"rendered":"<p>Repl\u0117s-laikiklis 280mm \/ suvirinimo repl\u0117s<\/p>","protected":false},"featured_media":386584,"comment_status":"open","ping_status":"open","template":"","meta":[],"product_cat":[9893],"product_tag":[10087],"class_list":{"0":"post-386582","1":"product","2":"type-product","3":"status-publish","4":"has-post-thumbnail","6":"product_brand-verke","7":"product_cat-suvirinimo-iranga","8":"product_tag-verke","10":"first","11":"instock","12":"purchasable","13":"product-type-simple"},"jetpack_sharing_enabled":true,"_links":{"self":[{"href":"https:\/\/irankiuzona.lt\/ru\/wp-json\/wp\/v2\/product\/386582","targetHints":{"allow":["GET"]}}],"collection":[{"href":"https:\/\/irankiuzona.lt\/ru\/wp-json\/wp\/v2\/product"}],"about":[{"href":"https:\/\/irankiuzona.lt\/ru\/wp-json\/wp\/v2\/types\/product"}],"replies":[{"embeddable":true,"href":"https:\/\/irankiuzona.lt\/ru\/wp-json\/wp\/v2\/comments?post=386582"}],"version-history":[{"count":1,"href":"https:\/\/irankiuzona.lt\/ru\/wp-json\/wp\/v2\/product\/386582\/revisions"}],"predecessor-version":[{"id":426195,"href":"https:\/\/irankiuzona.lt\/ru\/wp-json\/wp\/v2\/product\/386582\/revisions\/426195"}],"wp:featuredmedia":[{"embeddable":true,"href":"https:\/\/irankiuzona.lt\/ru\/wp-json\/wp\/v2\/media\/386584"}],"wp:attachment":[{"href":"https:\/\/irankiuzona.lt\/ru\/wp-json\/wp\/v2\/media?parent=386582"}],"wp:term":[{"taxonomy":"product_cat","embeddable":true,"href":"https:\/\/irankiuzona.lt\/ru\/wp-json\/wp\/v2\/product_cat?post=386582"},{"taxonomy":"product_tag","embeddable":true,"href":"https:\/\/irankiuzona.lt\/ru\/wp-json\/wp\/v2\/product_tag?post=386582"}],"curies":[{"name":"wp","href":"https:\/\/api.w.org\/{rel}","templated":true}]}}