{"id":386621,"date":"2025-02-20T11:39:01","date_gmt":"2025-02-20T11:39:01","guid":{"rendered":"https:\/\/irankiuzona.lt\/product\/odines-darbo-pirstines-10-dydzio\/"},"modified":"2026-05-14T12:24:32","modified_gmt":"2026-05-14T12:24:32","slug":"odines-darbo-pirstines-10-dydzio","status":"publish","type":"product","link":"https:\/\/irankiuzona.lt\/ru\/product\/odines-darbo-pirstines-10-dydzio\/","title":{"rendered":"Odin\u0117s darbo pir\u0161tin\u0117s 10 dyd\u017eio"},"content":{"rendered":"<p>Dydis 10<\/p>","protected":false},"excerpt":{"rendered":"<p>Odin\u0117s darbo pir\u0161tin\u0117s 10 dyd\u017eio<\/p>","protected":false},"featured_media":386623,"comment_status":"open","ping_status":"open","template":"","meta":[],"product_cat":[9928],"product_tag":[10087],"class_list":{"0":"post-386621","1":"product","2":"type-product","3":"status-publish","4":"has-post-thumbnail","6":"product_brand-verke","7":"product_cat-odines-darbo-pirstines","8":"product_tag-verke","10":"first","11":"instock","12":"purchasable","13":"product-type-simple"},"jetpack_sharing_enabled":true,"_links":{"self":[{"href":"https:\/\/irankiuzona.lt\/ru\/wp-json\/wp\/v2\/product\/386621","targetHints":{"allow":["GET"]}}],"collection":[{"href":"https:\/\/irankiuzona.lt\/ru\/wp-json\/wp\/v2\/product"}],"about":[{"href":"https:\/\/irankiuzona.lt\/ru\/wp-json\/wp\/v2\/types\/product"}],"replies":[{"embeddable":true,"href":"https:\/\/irankiuzona.lt\/ru\/wp-json\/wp\/v2\/comments?post=386621"}],"version-history":[{"count":1,"href":"https:\/\/irankiuzona.lt\/ru\/wp-json\/wp\/v2\/product\/386621\/revisions"}],"predecessor-version":[{"id":426208,"href":"https:\/\/irankiuzona.lt\/ru\/wp-json\/wp\/v2\/product\/386621\/revisions\/426208"}],"wp:featuredmedia":[{"embeddable":true,"href":"https:\/\/irankiuzona.lt\/ru\/wp-json\/wp\/v2\/media\/386623"}],"wp:attachment":[{"href":"https:\/\/irankiuzona.lt\/ru\/wp-json\/wp\/v2\/media?parent=386621"}],"wp:term":[{"taxonomy":"product_cat","embeddable":true,"href":"https:\/\/irankiuzona.lt\/ru\/wp-json\/wp\/v2\/product_cat?post=386621"},{"taxonomy":"product_tag","embeddable":true,"href":"https:\/\/irankiuzona.lt\/ru\/wp-json\/wp\/v2\/product_tag?post=386621"}],"curies":[{"name":"wp","href":"https:\/\/api.w.org\/{rel}","templated":true}]}}