{"id":386624,"date":"2025-02-20T11:39:02","date_gmt":"2025-02-20T11:39:02","guid":{"rendered":"https:\/\/irankiuzona.lt\/product\/smuginiu-ilgu-galvuciu-komplektas-1-2-6k-10-32-mm-3\/"},"modified":"2026-05-14T13:15:32","modified_gmt":"2026-05-14T13:15:32","slug":"smuginiu-ilgu-galvuciu-komplektas-1-2-6k-10-32-mm-3","status":"publish","type":"product","link":"https:\/\/irankiuzona.lt\/ru\/product\/smuginiu-ilgu-galvuciu-komplektas-1-2-6k-10-32-mm-3\/","title":{"rendered":"Sm\u016bgini\u0173 ilg\u0173 galvu\u010di\u0173 komplektas 1\/2&quot; 6k. (10-32 mm)"},"content":{"rendered":"<p>1\/2&quot; CR-MOKomplekte-10, 11, 12, 13, 14, 16, 17, 19, 21, 22, 24, 27, 32 mm<\/p>","protected":false},"excerpt":{"rendered":"<p>Sm\u016bgini\u0173 ilg\u0173 galvu\u010di\u0173 komplektas 1\/2&quot; 6k. (10-32 mm)<\/p>","protected":false},"featured_media":386626,"comment_status":"open","ping_status":"open","template":"","meta":[],"product_cat":[9499],"product_tag":[10087],"class_list":{"0":"post-386624","1":"product","2":"type-product","3":"status-publish","4":"has-post-thumbnail","6":"product_brand-verke","7":"product_cat-smuginiu-galvuciu-komplektai","8":"product_tag-verke","10":"first","11":"instock","12":"purchasable","13":"product-type-simple"},"jetpack_sharing_enabled":true,"_links":{"self":[{"href":"https:\/\/irankiuzona.lt\/ru\/wp-json\/wp\/v2\/product\/386624","targetHints":{"allow":["GET"]}}],"collection":[{"href":"https:\/\/irankiuzona.lt\/ru\/wp-json\/wp\/v2\/product"}],"about":[{"href":"https:\/\/irankiuzona.lt\/ru\/wp-json\/wp\/v2\/types\/product"}],"replies":[{"embeddable":true,"href":"https:\/\/irankiuzona.lt\/ru\/wp-json\/wp\/v2\/comments?post=386624"}],"version-history":[{"count":1,"href":"https:\/\/irankiuzona.lt\/ru\/wp-json\/wp\/v2\/product\/386624\/revisions"}],"predecessor-version":[{"id":426209,"href":"https:\/\/irankiuzona.lt\/ru\/wp-json\/wp\/v2\/product\/386624\/revisions\/426209"}],"wp:featuredmedia":[{"embeddable":true,"href":"https:\/\/irankiuzona.lt\/ru\/wp-json\/wp\/v2\/media\/386626"}],"wp:attachment":[{"href":"https:\/\/irankiuzona.lt\/ru\/wp-json\/wp\/v2\/media?parent=386624"}],"wp:term":[{"taxonomy":"product_cat","embeddable":true,"href":"https:\/\/irankiuzona.lt\/ru\/wp-json\/wp\/v2\/product_cat?post=386624"},{"taxonomy":"product_tag","embeddable":true,"href":"https:\/\/irankiuzona.lt\/ru\/wp-json\/wp\/v2\/product_tag?post=386624"}],"curies":[{"name":"wp","href":"https:\/\/api.w.org\/{rel}","templated":true}]}}