{"id":386630,"date":"2025-02-20T11:39:05","date_gmt":"2025-02-20T11:39:05","guid":{"rendered":"https:\/\/irankiuzona.lt\/product\/terkslinis-kardaninis-raktas-7mm-dvigubu-sarnyru\/"},"modified":"2026-04-13T19:03:34","modified_gmt":"2026-04-13T19:03:34","slug":"terkslinis-kardaninis-raktas-7mm-dvigubu-sarnyru","status":"publish","type":"product","link":"https:\/\/irankiuzona.lt\/ru\/product\/terkslinis-kardaninis-raktas-7mm-dvigubu-sarnyru\/","title":{"rendered":"Terk\u0161linis kardaninis raktas 7mm dvigubu \u0161arnyru"},"content":{"rendered":"<p>Ilgis 130mm72 dant\u0173 terk\u0161linis mechanizmas<\/p>","protected":false},"excerpt":{"rendered":"<p>Terk\u0161linis kardaninis raktas 7mm dvigubu \u0161arnyru<\/p>","protected":false},"featured_media":386632,"comment_status":"open","ping_status":"open","template":"","meta":[],"product_cat":[9622],"product_tag":[9898],"class_list":{"0":"post-386630","1":"product","2":"type-product","3":"status-publish","4":"has-post-thumbnail","6":"product_brand-avtodelo","7":"product_cat-lankstomi-terksliniai-raktai","8":"product_tag-avtodelo","10":"first","11":"instock","12":"purchasable","13":"product-type-simple"},"jetpack_sharing_enabled":true,"_links":{"self":[{"href":"https:\/\/irankiuzona.lt\/ru\/wp-json\/wp\/v2\/product\/386630","targetHints":{"allow":["GET"]}}],"collection":[{"href":"https:\/\/irankiuzona.lt\/ru\/wp-json\/wp\/v2\/product"}],"about":[{"href":"https:\/\/irankiuzona.lt\/ru\/wp-json\/wp\/v2\/types\/product"}],"replies":[{"embeddable":true,"href":"https:\/\/irankiuzona.lt\/ru\/wp-json\/wp\/v2\/comments?post=386630"}],"version-history":[{"count":1,"href":"https:\/\/irankiuzona.lt\/ru\/wp-json\/wp\/v2\/product\/386630\/revisions"}],"predecessor-version":[{"id":426213,"href":"https:\/\/irankiuzona.lt\/ru\/wp-json\/wp\/v2\/product\/386630\/revisions\/426213"}],"wp:featuredmedia":[{"embeddable":true,"href":"https:\/\/irankiuzona.lt\/ru\/wp-json\/wp\/v2\/media\/386632"}],"wp:attachment":[{"href":"https:\/\/irankiuzona.lt\/ru\/wp-json\/wp\/v2\/media?parent=386630"}],"wp:term":[{"taxonomy":"product_cat","embeddable":true,"href":"https:\/\/irankiuzona.lt\/ru\/wp-json\/wp\/v2\/product_cat?post=386630"},{"taxonomy":"product_tag","embeddable":true,"href":"https:\/\/irankiuzona.lt\/ru\/wp-json\/wp\/v2\/product_tag?post=386630"}],"curies":[{"name":"wp","href":"https:\/\/api.w.org\/{rel}","templated":true}]}}