{"id":386699,"date":"2025-02-20T11:39:45","date_gmt":"2025-02-20T11:39:45","guid":{"rendered":"https:\/\/irankiuzona.lt\/product\/univesalus-konsistencinis-tepalas-aukstoms-temperaturoms-400g\/"},"modified":"2025-05-30T20:25:05","modified_gmt":"2025-05-30T20:25:05","slug":"univesalus-konsistencinis-tepalas-aukstoms-temperaturoms-400g","status":"publish","type":"product","link":"https:\/\/irankiuzona.lt\/ru\/product\/univesalus-konsistencinis-tepalas-aukstoms-temperaturoms-400g\/","title":{"rendered":"Univesalus konsistencinis tepalas auk\u0161toms temperat\u016broms 400g"},"content":{"rendered":"<p>Universalus kar\u0161\u010diui atsparus d\u0117v\u0117jimosi tepalas, pagamintas labai rafinuot\u0173 mineralini\u0173 alyv\u0173 pagrindu su tir\u0161tikliu termostabilaus kompleksinio li\u010dio muilo pagrindu, pridedant speciali\u0173 nusid\u0117v\u0117jimo, antioksidant\u0173 ir antikorozini\u0173 pried\u0173, skirtas ilgalaikiam tepimui rutulini\u0173 ir ritinini\u0173 guoli\u0173, veikian\u010di\u0173 esant didel\u0117ms \u0161ilumin\u0117ms ir mechanin\u0117ms apkrovoms Produkto savyb\u0117s: I\u0161laiko savo eksplotacines savyb\u0119s bent iki + 170 \u00b0 C temperat\u016broje, o tai padidina guoli\u0173 tarnavimo laik\u0105 Suformuoja ilgaam\u017e\u0119, atspari\u0105 vandeniui, temperat\u016br\u0173 svyravimams ir tar\u0161ai, tepimo pl\u0117vel\u0119, kuri leid\u017eia pailginti pamain\u0173 interval\u0105 ir suma\u017einti prie\u017ei\u016bros i\u0161laidas Patikimai apsaugo guolius ir kitas dalis nuo korozijos LC2 turi ger\u0105 termin\u012f ir mechanin\u012f stabilum\u0105, efektyviai atsparus oksidacijai Atitinka daugyb\u0119 reikalavim\u0173, tod\u0117l daugumoje trinties mazg\u0173 galima naudoti vien\u0105 ir t\u0105 pat\u012f tepal\u0105 Suderinamas su daugeliu standartini\u0173 li\u010dio tepal\u0173 Tepalo konsistencija i\u0161lieka pastovi nors ir ilgai sand\u0117liuojant Panaudojimas: Tepti apkrautus slydimo ir ried\u0117jimo guolius, rat\u0173 guolius, \u012fvairias jungtis, sraigto veleno jungtis, pakabos mazgus ir kitus transporto, \u017eem\u0117s \u016bkio ir visureigi\u0173 transporto priemoni\u0173, veikian\u010di\u0173 sm\u016bgines apkrovas ir vibracijas, agregatus. Sunkve\u017eimi\u0173 &#8211; agregatuose, veikian\u010diuose esant vidutin\u0117ms ir didel\u0117ms apkrovoms (a\u0161iniai guoliai ir pavaros, kardaninio veleno guoliai, rat\u0173 stebul\u0117s, savivar\u010di\u0173 k\u0117bulai, buksyravimo \u012ftaisai, sraigto velenai, vairo \u012ftaisai, k\u0117limo \u012frenginiai, rankini\u0173 stabd\u017ei\u0173 pavaros, balninio sukabinimo \u012ftaisai) Tinka naudoti pramoniniuose \u012frenginiuose, kuriems reikalingas auk\u0161tos temperat\u016bros auk\u0161to sl\u0117gio tepalas NLGI 2: liejykl\u0173, vibracini\u0173, kasybos, ritinini\u0173 konvejeri\u0173 ir kt. DIN 51502 KP2P-30 Atitinka 2 klas\u0119 pagal NLGI klasifikacij\u0105 Darbin\u0117 temperat\u016bra nuo -35 \u00b0C up iki +170 \u00b0C Spalva m\u0117lyna Svoris 400 g<\/p>","protected":false},"excerpt":{"rendered":"<p>Univesalus konsistencinis tepalas LC-2 auk\u0161toms temperat\u016broms 400g<\/p>","protected":false},"featured_media":386701,"comment_status":"open","ping_status":"open","template":"","meta":[],"product_cat":[9824],"product_tag":[],"class_list":{"0":"post-386699","1":"product","2":"type-product","3":"status-publish","4":"has-post-thumbnail","6":"product_cat-autochemija","8":"first","9":"instock","10":"purchasable","11":"product-type-simple"},"jetpack_sharing_enabled":true,"_links":{"self":[{"href":"https:\/\/irankiuzona.lt\/ru\/wp-json\/wp\/v2\/product\/386699","targetHints":{"allow":["GET"]}}],"collection":[{"href":"https:\/\/irankiuzona.lt\/ru\/wp-json\/wp\/v2\/product"}],"about":[{"href":"https:\/\/irankiuzona.lt\/ru\/wp-json\/wp\/v2\/types\/product"}],"replies":[{"embeddable":true,"href":"https:\/\/irankiuzona.lt\/ru\/wp-json\/wp\/v2\/comments?post=386699"}],"version-history":[{"count":0,"href":"https:\/\/irankiuzona.lt\/ru\/wp-json\/wp\/v2\/product\/386699\/revisions"}],"wp:featuredmedia":[{"embeddable":true,"href":"https:\/\/irankiuzona.lt\/ru\/wp-json\/wp\/v2\/media\/386701"}],"wp:attachment":[{"href":"https:\/\/irankiuzona.lt\/ru\/wp-json\/wp\/v2\/media?parent=386699"}],"wp:term":[{"taxonomy":"product_cat","embeddable":true,"href":"https:\/\/irankiuzona.lt\/ru\/wp-json\/wp\/v2\/product_cat?post=386699"},{"taxonomy":"product_tag","embeddable":true,"href":"https:\/\/irankiuzona.lt\/ru\/wp-json\/wp\/v2\/product_tag?post=386699"}],"curies":[{"name":"wp","href":"https:\/\/api.w.org\/{rel}","templated":true}]}}