{"id":386780,"date":"2025-02-21T14:10:55","date_gmt":"2025-02-21T14:10:55","guid":{"rendered":"https:\/\/irankiuzona.lt\/product\/graztas-plytelems-o10mm120mm-2\/"},"modified":"2026-04-13T05:18:52","modified_gmt":"2026-04-13T05:18:52","slug":"graztas-plytelems-o10mm120mm-2","status":"publish","type":"product","link":"https:\/\/irankiuzona.lt\/ru\/product\/graztas-plytelems-o10mm120mm-2\/","title":{"rendered":"Gr\u0105\u017etas plytel\u0117ms \u00d810mm*120mm"},"content":{"rendered":"<p>Diametras &#8211; 10 mmIlgis &#8211; 120 mmDarbinis ilgis &#8211; 72 mm<\/p>","protected":false},"excerpt":{"rendered":"<p>Gr\u0105\u017etas keramikai \u00d810mm*120mm<\/p>","protected":false},"featured_media":241839,"comment_status":"open","ping_status":"open","template":"","meta":[],"product_cat":[9775],"product_tag":[9716],"class_list":{"0":"post-386780","1":"product","2":"type-product","3":"status-publish","4":"has-post-thumbnail","6":"product_brand-jufisto-lenkija","7":"product_cat-graztai-keramikai-plytelems","8":"product_tag-jufisto-lenkija","10":"first","11":"instock","12":"purchasable","13":"product-type-simple"},"jetpack_sharing_enabled":true,"_links":{"self":[{"href":"https:\/\/irankiuzona.lt\/ru\/wp-json\/wp\/v2\/product\/386780","targetHints":{"allow":["GET"]}}],"collection":[{"href":"https:\/\/irankiuzona.lt\/ru\/wp-json\/wp\/v2\/product"}],"about":[{"href":"https:\/\/irankiuzona.lt\/ru\/wp-json\/wp\/v2\/types\/product"}],"replies":[{"embeddable":true,"href":"https:\/\/irankiuzona.lt\/ru\/wp-json\/wp\/v2\/comments?post=386780"}],"version-history":[{"count":1,"href":"https:\/\/irankiuzona.lt\/ru\/wp-json\/wp\/v2\/product\/386780\/revisions"}],"predecessor-version":[{"id":415394,"href":"https:\/\/irankiuzona.lt\/ru\/wp-json\/wp\/v2\/product\/386780\/revisions\/415394"}],"wp:featuredmedia":[{"embeddable":true,"href":"https:\/\/irankiuzona.lt\/ru\/wp-json\/wp\/v2\/media\/241839"}],"wp:attachment":[{"href":"https:\/\/irankiuzona.lt\/ru\/wp-json\/wp\/v2\/media?parent=386780"}],"wp:term":[{"taxonomy":"product_cat","embeddable":true,"href":"https:\/\/irankiuzona.lt\/ru\/wp-json\/wp\/v2\/product_cat?post=386780"},{"taxonomy":"product_tag","embeddable":true,"href":"https:\/\/irankiuzona.lt\/ru\/wp-json\/wp\/v2\/product_tag?post=386780"}],"curies":[{"name":"wp","href":"https:\/\/api.w.org\/{rel}","templated":true}]}}