{"id":386885,"date":"2025-02-26T11:37:20","date_gmt":"2025-02-26T11:37:20","guid":{"rendered":"https:\/\/irankiuzona.lt\/product\/izoliuotu-jungciu-uzspaudimo-reples-05-25-mm2\/"},"modified":"2026-04-10T06:21:45","modified_gmt":"2026-04-10T06:21:45","slug":"izoliuotu-jungciu-uzspaudimo-reples-05-25-mm2","status":"publish","type":"product","link":"https:\/\/irankiuzona.lt\/ru\/product\/izoliuotu-jungciu-uzspaudimo-reples-05-25-mm2\/","title":{"rendered":"Izoliuot\u0173 jung\u010di\u0173 u\u017espaudimo repl\u0117s (0,5-2,5 mm2)"},"content":{"rendered":"<p>(0,5-2,5 mm2)<\/p>","protected":false},"excerpt":{"rendered":"<p>Izoliuot\u0173 jung\u010di\u0173 u\u017espaudimo repl\u0117s (0,5-2,5 mm2)<\/p>","protected":false},"featured_media":386887,"comment_status":"open","ping_status":"open","template":"","meta":[],"product_cat":[9984],"product_tag":[9969],"class_list":{"0":"post-386885","1":"product","2":"type-product","3":"status-publish","4":"has-post-thumbnail","6":"product_brand-hogert-technik-vokietija","7":"product_cat-elektriko-irankiai","8":"product_tag-hogert-technik-vokietija","10":"first","11":"instock","12":"purchasable","13":"product-type-simple"},"jetpack_sharing_enabled":true,"_links":{"self":[{"href":"https:\/\/irankiuzona.lt\/ru\/wp-json\/wp\/v2\/product\/386885","targetHints":{"allow":["GET"]}}],"collection":[{"href":"https:\/\/irankiuzona.lt\/ru\/wp-json\/wp\/v2\/product"}],"about":[{"href":"https:\/\/irankiuzona.lt\/ru\/wp-json\/wp\/v2\/types\/product"}],"replies":[{"embeddable":true,"href":"https:\/\/irankiuzona.lt\/ru\/wp-json\/wp\/v2\/comments?post=386885"}],"version-history":[{"count":1,"href":"https:\/\/irankiuzona.lt\/ru\/wp-json\/wp\/v2\/product\/386885\/revisions"}],"predecessor-version":[{"id":414491,"href":"https:\/\/irankiuzona.lt\/ru\/wp-json\/wp\/v2\/product\/386885\/revisions\/414491"}],"wp:featuredmedia":[{"embeddable":true,"href":"https:\/\/irankiuzona.lt\/ru\/wp-json\/wp\/v2\/media\/386887"}],"wp:attachment":[{"href":"https:\/\/irankiuzona.lt\/ru\/wp-json\/wp\/v2\/media?parent=386885"}],"wp:term":[{"taxonomy":"product_cat","embeddable":true,"href":"https:\/\/irankiuzona.lt\/ru\/wp-json\/wp\/v2\/product_cat?post=386885"},{"taxonomy":"product_tag","embeddable":true,"href":"https:\/\/irankiuzona.lt\/ru\/wp-json\/wp\/v2\/product_tag?post=386885"}],"curies":[{"name":"wp","href":"https:\/\/api.w.org\/{rel}","templated":true}]}}