{"id":386888,"date":"2025-02-26T11:37:25","date_gmt":"2025-02-26T11:37:25","guid":{"rendered":"https:\/\/irankiuzona.lt\/product\/izoliuotu-jungciu-uzspaudimo-reples-0-5-4-0-mm2\/"},"modified":"2026-04-10T07:56:03","modified_gmt":"2026-04-10T07:56:03","slug":"izoliuotu-jungciu-uzspaudimo-reples-0-5-4-0-mm2","status":"publish","type":"product","link":"https:\/\/irankiuzona.lt\/ru\/product\/izoliuotu-jungciu-uzspaudimo-reples-0-5-4-0-mm2\/","title":{"rendered":"Izoliuot\u0173 jung\u010di\u0173 u\u017espaudimo repl\u0117s (0.5-4.0 mm2)"},"content":{"rendered":"<p>(0.5-4.0 mm2)<\/p>","protected":false},"excerpt":{"rendered":"<p>Izoliuot\u0173 jung\u010di\u0173 u\u017espaudimo repl\u0117s (0.5-4.0 mm2)<\/p>","protected":false},"featured_media":386890,"comment_status":"open","ping_status":"open","template":"","meta":[],"product_cat":[9984],"product_tag":[9969],"class_list":{"0":"post-386888","1":"product","2":"type-product","3":"status-publish","4":"has-post-thumbnail","6":"product_brand-hogert-technik-vokietija","7":"product_cat-elektriko-irankiai","8":"product_tag-hogert-technik-vokietija","10":"first","11":"instock","12":"purchasable","13":"product-type-simple"},"jetpack_sharing_enabled":true,"_links":{"self":[{"href":"https:\/\/irankiuzona.lt\/ru\/wp-json\/wp\/v2\/product\/386888","targetHints":{"allow":["GET"]}}],"collection":[{"href":"https:\/\/irankiuzona.lt\/ru\/wp-json\/wp\/v2\/product"}],"about":[{"href":"https:\/\/irankiuzona.lt\/ru\/wp-json\/wp\/v2\/types\/product"}],"replies":[{"embeddable":true,"href":"https:\/\/irankiuzona.lt\/ru\/wp-json\/wp\/v2\/comments?post=386888"}],"version-history":[{"count":1,"href":"https:\/\/irankiuzona.lt\/ru\/wp-json\/wp\/v2\/product\/386888\/revisions"}],"predecessor-version":[{"id":414492,"href":"https:\/\/irankiuzona.lt\/ru\/wp-json\/wp\/v2\/product\/386888\/revisions\/414492"}],"wp:featuredmedia":[{"embeddable":true,"href":"https:\/\/irankiuzona.lt\/ru\/wp-json\/wp\/v2\/media\/386890"}],"wp:attachment":[{"href":"https:\/\/irankiuzona.lt\/ru\/wp-json\/wp\/v2\/media?parent=386888"}],"wp:term":[{"taxonomy":"product_cat","embeddable":true,"href":"https:\/\/irankiuzona.lt\/ru\/wp-json\/wp\/v2\/product_cat?post=386888"},{"taxonomy":"product_tag","embeddable":true,"href":"https:\/\/irankiuzona.lt\/ru\/wp-json\/wp\/v2\/product_tag?post=386888"}],"curies":[{"name":"wp","href":"https:\/\/api.w.org\/{rel}","templated":true}]}}