{"id":386891,"date":"2025-02-26T11:37:33","date_gmt":"2025-02-26T11:37:33","guid":{"rendered":"https:\/\/irankiuzona.lt\/product\/kontaktu-uzspaudimo-reples-220mm\/"},"modified":"2026-04-10T07:56:07","modified_gmt":"2026-04-10T07:56:07","slug":"kontaktu-uzspaudimo-reples-220mm","status":"publish","type":"product","link":"https:\/\/irankiuzona.lt\/ru\/product\/kontaktu-uzspaudimo-reples-220mm\/","title":{"rendered":"Kontakt\u0173 u\u017espaudimo repl\u0117s 220mm"},"content":{"rendered":"<p>Pagaminta i\u0161 auk\u0161tos kokyb\u0117s ner\u016bdijan\u010diojo plienoskirta laidams, kuri\u0173 skersmuo nuo 0,5 iki 6,0 mm2 (20-10 AWG)reketin\u0117 sistema su fiksatoriumi, u\u017etikrinanti tiksl\u0173 gnybt\u0173 u\u017espaudim\u0105patogus, lengvasprofiliuota rankena, kad b\u016bt\u0173 patogu laikyti ir valdyti reples.<\/p>","protected":false},"excerpt":{"rendered":"<p>Kontakt\u0173 u\u017espaudimo repl\u0117s 220mm<\/p>","protected":false},"featured_media":386893,"comment_status":"open","ping_status":"open","template":"","meta":[],"product_cat":[9984],"product_tag":[9969],"class_list":{"0":"post-386891","1":"product","2":"type-product","3":"status-publish","4":"has-post-thumbnail","6":"product_brand-hogert-technik-vokietija","7":"product_cat-elektriko-irankiai","8":"product_tag-hogert-technik-vokietija","10":"first","11":"instock","12":"purchasable","13":"product-type-simple"},"jetpack_sharing_enabled":true,"_links":{"self":[{"href":"https:\/\/irankiuzona.lt\/ru\/wp-json\/wp\/v2\/product\/386891","targetHints":{"allow":["GET"]}}],"collection":[{"href":"https:\/\/irankiuzona.lt\/ru\/wp-json\/wp\/v2\/product"}],"about":[{"href":"https:\/\/irankiuzona.lt\/ru\/wp-json\/wp\/v2\/types\/product"}],"replies":[{"embeddable":true,"href":"https:\/\/irankiuzona.lt\/ru\/wp-json\/wp\/v2\/comments?post=386891"}],"version-history":[{"count":1,"href":"https:\/\/irankiuzona.lt\/ru\/wp-json\/wp\/v2\/product\/386891\/revisions"}],"predecessor-version":[{"id":414499,"href":"https:\/\/irankiuzona.lt\/ru\/wp-json\/wp\/v2\/product\/386891\/revisions\/414499"}],"wp:featuredmedia":[{"embeddable":true,"href":"https:\/\/irankiuzona.lt\/ru\/wp-json\/wp\/v2\/media\/386893"}],"wp:attachment":[{"href":"https:\/\/irankiuzona.lt\/ru\/wp-json\/wp\/v2\/media?parent=386891"}],"wp:term":[{"taxonomy":"product_cat","embeddable":true,"href":"https:\/\/irankiuzona.lt\/ru\/wp-json\/wp\/v2\/product_cat?post=386891"},{"taxonomy":"product_tag","embeddable":true,"href":"https:\/\/irankiuzona.lt\/ru\/wp-json\/wp\/v2\/product_tag?post=386891"}],"curies":[{"name":"wp","href":"https:\/\/api.w.org\/{rel}","templated":true}]}}