{"id":386969,"date":"2025-02-26T12:55:32","date_gmt":"2025-02-26T12:55:32","guid":{"rendered":"https:\/\/irankiuzona.lt\/product\/lituoklis-su-led-25w-2\/"},"modified":"2026-04-13T07:28:49","modified_gmt":"2026-04-13T07:28:49","slug":"lituoklis-su-led-25w-2","status":"publish","type":"product","link":"https:\/\/irankiuzona.lt\/ru\/product\/lituoklis-su-led-25w-2\/","title":{"rendered":"Lituoklis su LED 25W"},"content":{"rendered":"<p>25WMaks. temperat\u016bra 400\u00b0C\u012e\u0161ilimo laikas: 2-3 minut\u0117s<\/p>","protected":false},"excerpt":{"rendered":"<p>Lituoklis su LED 25W<\/p>","protected":false},"featured_media":259837,"comment_status":"open","ping_status":"open","template":"","meta":[],"product_cat":[9802],"product_tag":[9716],"class_list":{"0":"post-386969","1":"product","2":"type-product","3":"status-publish","4":"has-post-thumbnail","6":"product_brand-jufisto-lenkija","7":"product_cat-lituokliai","8":"product_tag-jufisto-lenkija","10":"first","11":"instock","12":"purchasable","13":"product-type-simple"},"jetpack_sharing_enabled":true,"_links":{"self":[{"href":"https:\/\/irankiuzona.lt\/ru\/wp-json\/wp\/v2\/product\/386969","targetHints":{"allow":["GET"]}}],"collection":[{"href":"https:\/\/irankiuzona.lt\/ru\/wp-json\/wp\/v2\/product"}],"about":[{"href":"https:\/\/irankiuzona.lt\/ru\/wp-json\/wp\/v2\/types\/product"}],"replies":[{"embeddable":true,"href":"https:\/\/irankiuzona.lt\/ru\/wp-json\/wp\/v2\/comments?post=386969"}],"version-history":[{"count":1,"href":"https:\/\/irankiuzona.lt\/ru\/wp-json\/wp\/v2\/product\/386969\/revisions"}],"predecessor-version":[{"id":421744,"href":"https:\/\/irankiuzona.lt\/ru\/wp-json\/wp\/v2\/product\/386969\/revisions\/421744"}],"wp:featuredmedia":[{"embeddable":true,"href":"https:\/\/irankiuzona.lt\/ru\/wp-json\/wp\/v2\/media\/259837"}],"wp:attachment":[{"href":"https:\/\/irankiuzona.lt\/ru\/wp-json\/wp\/v2\/media?parent=386969"}],"wp:term":[{"taxonomy":"product_cat","embeddable":true,"href":"https:\/\/irankiuzona.lt\/ru\/wp-json\/wp\/v2\/product_cat?post=386969"},{"taxonomy":"product_tag","embeddable":true,"href":"https:\/\/irankiuzona.lt\/ru\/wp-json\/wp\/v2\/product_tag?post=386969"}],"curies":[{"name":"wp","href":"https:\/\/api.w.org\/{rel}","templated":true}]}}