{"id":386971,"date":"2025-02-26T12:58:30","date_gmt":"2025-02-26T12:58:30","guid":{"rendered":"https:\/\/irankiuzona.lt\/product\/prof-irankiu-vezimelis-7stalciu-su-305-irankiais\/"},"modified":"2026-04-13T09:49:29","modified_gmt":"2026-04-13T09:49:29","slug":"prof-irankiu-vezimelis-7stalciu-su-305-irankiais","status":"publish","type":"product","link":"https:\/\/irankiuzona.lt\/ru\/product\/prof-irankiu-vezimelis-7stalciu-su-305-irankiais\/","title":{"rendered":"Prof. \u012franki\u0173 ve\u017eim\u0117lis 7stal\u010di\u0173, su 305 \u012frankiais"},"content":{"rendered":"<p>\u0160io ve\u017eim\u0117lio \u012franki\u0173 rinkiniai pavaizduoti \u0161ios prek\u0117s paveiksl\u0117liuose. (305 \u012frankiai)<br \/>\nApie ve\u017eim\u0117l\u012f:<br \/>\n7 stal\u010diai (6 plok\u0161ti, 1 didelis)stalvir\u0161is su 10 mm putplas\u010diutalpa vienam stal\u010diui: 25 kgstal\u010diai i\u0161traukiami 100%centrinis u\u017eraktas su 2 rakteliaisabi \u0161onin\u0117s plok\u0161t\u0117s su kvadrato formos skylu\u010di\u0173 ra\u0161tugalimas rankenos prisukimas i\u0161 abiej\u0173 pusi\u0173bendra keliamoji galia: 300 kg2 pasukami ratukai su stabd\u017eiu (\u00f8 125 mm), 2 fiksuoti ratukai (\u00f8 125 mm)vidiniai plok\u0161\u010di\u0173 stal\u010di\u0173 i\u0161matavimai: 75 x 570 x 400 mm (auk\u0161tis x ilgis x plotis)vidiniai i\u0161matavimai didelio stal\u010diaus: 150 x 570 x 400 mm (auk\u0161tis x ilgis x plotis)ve\u017eim\u0117lio matmenys: 935 x 682 x 460 mm (auk\u0161tis x ilgis x plotis)svoris (tu\u0161\u010dias): 47 kg<\/p>","protected":false},"excerpt":{"rendered":"<p>Prof. \u012franki\u0173 ve\u017eim\u0117lis 7stal\u010di\u0173, su 305 \u012frankiais<\/p>","protected":false},"featured_media":260765,"comment_status":"open","ping_status":"closed","template":"","meta":[],"product_cat":[9943],"product_tag":[9462],"class_list":{"0":"post-386971","1":"product","2":"type-product","3":"status-publish","4":"has-post-thumbnail","6":"product_brand-condor-werkzeug-vokietija","7":"product_cat-vezimeliai-irankiu-spintos","8":"product_tag-condor-werkzeug-vokietija","10":"first","11":"instock","12":"purchasable","13":"product-type-simple"},"jetpack_sharing_enabled":true,"_links":{"self":[{"href":"https:\/\/irankiuzona.lt\/ru\/wp-json\/wp\/v2\/product\/386971","targetHints":{"allow":["GET"]}}],"collection":[{"href":"https:\/\/irankiuzona.lt\/ru\/wp-json\/wp\/v2\/product"}],"about":[{"href":"https:\/\/irankiuzona.lt\/ru\/wp-json\/wp\/v2\/types\/product"}],"replies":[{"embeddable":true,"href":"https:\/\/irankiuzona.lt\/ru\/wp-json\/wp\/v2\/comments?post=386971"}],"version-history":[{"count":1,"href":"https:\/\/irankiuzona.lt\/ru\/wp-json\/wp\/v2\/product\/386971\/revisions"}],"predecessor-version":[{"id":422055,"href":"https:\/\/irankiuzona.lt\/ru\/wp-json\/wp\/v2\/product\/386971\/revisions\/422055"}],"wp:featuredmedia":[{"embeddable":true,"href":"https:\/\/irankiuzona.lt\/ru\/wp-json\/wp\/v2\/media\/260765"}],"wp:attachment":[{"href":"https:\/\/irankiuzona.lt\/ru\/wp-json\/wp\/v2\/media?parent=386971"}],"wp:term":[{"taxonomy":"product_cat","embeddable":true,"href":"https:\/\/irankiuzona.lt\/ru\/wp-json\/wp\/v2\/product_cat?post=386971"},{"taxonomy":"product_tag","embeddable":true,"href":"https:\/\/irankiuzona.lt\/ru\/wp-json\/wp\/v2\/product_tag?post=386971"}],"curies":[{"name":"wp","href":"https:\/\/api.w.org\/{rel}","templated":true}]}}