{"id":387079,"date":"2025-03-08T00:01:15","date_gmt":"2025-03-08T00:01:15","guid":{"rendered":"https:\/\/irankiuzona.lt\/product\/laidu-antgaliu-komplektas-480vnt-2\/"},"modified":"2026-02-02T23:01:03","modified_gmt":"2026-02-02T23:01:03","slug":"laidu-antgaliu-komplektas-480vnt-2","status":"publish","type":"product","link":"https:\/\/irankiuzona.lt\/ru\/product\/laidu-antgaliu-komplektas-480vnt-2\/","title":{"rendered":"Laid\u0173 antgali\u0173 komplektas 480vnt"},"content":{"rendered":"<p>Trisde\u0161imties populiari\u0173 dyd\u017ei\u0173. Universalus antgali\u0173 ir elektros jung\u010di\u0173 rinkinys. Rinkin\u012f sudaro 480 jung\u010di\u0173 ir antgali\u0173.<br \/>\nMed\u017eiaga: varis + PVC + plienas<\/p>","protected":false},"excerpt":{"rendered":"<p>Laid\u0173 antgali\u0173 komplektas 480vnt<\/p>","protected":false},"featured_media":261981,"comment_status":"open","ping_status":"open","template":"","meta":[],"product_cat":[9654],"product_tag":[10131],"class_list":{"0":"post-387079","1":"product","2":"type-product","3":"status-publish","4":"has-post-thumbnail","6":"product_brand-asta-lenkija","7":"product_cat-jungtys-izoliacines-juostos","8":"product_tag-asta-lenkija","10":"first","11":"instock","12":"purchasable","13":"product-type-simple"},"jetpack_sharing_enabled":true,"_links":{"self":[{"href":"https:\/\/irankiuzona.lt\/ru\/wp-json\/wp\/v2\/product\/387079","targetHints":{"allow":["GET"]}}],"collection":[{"href":"https:\/\/irankiuzona.lt\/ru\/wp-json\/wp\/v2\/product"}],"about":[{"href":"https:\/\/irankiuzona.lt\/ru\/wp-json\/wp\/v2\/types\/product"}],"replies":[{"embeddable":true,"href":"https:\/\/irankiuzona.lt\/ru\/wp-json\/wp\/v2\/comments?post=387079"}],"version-history":[{"count":1,"href":"https:\/\/irankiuzona.lt\/ru\/wp-json\/wp\/v2\/product\/387079\/revisions"}],"predecessor-version":[{"id":429469,"href":"https:\/\/irankiuzona.lt\/ru\/wp-json\/wp\/v2\/product\/387079\/revisions\/429469"}],"wp:featuredmedia":[{"embeddable":true,"href":"https:\/\/irankiuzona.lt\/ru\/wp-json\/wp\/v2\/media\/261981"}],"wp:attachment":[{"href":"https:\/\/irankiuzona.lt\/ru\/wp-json\/wp\/v2\/media?parent=387079"}],"wp:term":[{"taxonomy":"product_cat","embeddable":true,"href":"https:\/\/irankiuzona.lt\/ru\/wp-json\/wp\/v2\/product_cat?post=387079"},{"taxonomy":"product_tag","embeddable":true,"href":"https:\/\/irankiuzona.lt\/ru\/wp-json\/wp\/v2\/product_tag?post=387079"}],"curies":[{"name":"wp","href":"https:\/\/api.w.org\/{rel}","templated":true}]}}