{"id":387378,"date":"2025-03-16T01:24:17","date_gmt":"2025-03-16T01:24:17","guid":{"rendered":"https:\/\/irankiuzona.lt\/product\/piltuvas-skysciams-lanksciu-galu-3l\/"},"modified":"2026-04-14T14:53:13","modified_gmt":"2026-04-14T14:53:13","slug":"piltuvas-skysciams-lanksciu-galu-3l","status":"publish","type":"product","link":"https:\/\/irankiuzona.lt\/ru\/product\/piltuvas-skysciams-lanksciu-galu-3l\/","title":{"rendered":"Piltuvas skys\u010diams lanks\u010diu galu 3L"},"content":{"rendered":"<p>3 litr\u0173 t\u016brio.Pusiau permatomas indas.<\/p>","protected":false},"excerpt":{"rendered":"<p>Piltuvas skys\u010diams lanks\u010diu galu 3L<\/p>","protected":false},"featured_media":387380,"comment_status":"open","ping_status":"open","template":"","meta":[],"product_cat":[9687],"product_tag":[10130],"class_list":{"0":"post-387378","1":"product","2":"type-product","3":"status-publish","4":"has-post-thumbnail","6":"product_brand-satra-lenkija","7":"product_cat-indai-eksploataciniams-skysciams-piltuvai-tepalines","8":"product_tag-satra-lenkija","10":"first","11":"instock","12":"purchasable","13":"product-type-simple"},"jetpack_sharing_enabled":true,"_links":{"self":[{"href":"https:\/\/irankiuzona.lt\/ru\/wp-json\/wp\/v2\/product\/387378","targetHints":{"allow":["GET"]}}],"collection":[{"href":"https:\/\/irankiuzona.lt\/ru\/wp-json\/wp\/v2\/product"}],"about":[{"href":"https:\/\/irankiuzona.lt\/ru\/wp-json\/wp\/v2\/types\/product"}],"replies":[{"embeddable":true,"href":"https:\/\/irankiuzona.lt\/ru\/wp-json\/wp\/v2\/comments?post=387378"}],"version-history":[{"count":1,"href":"https:\/\/irankiuzona.lt\/ru\/wp-json\/wp\/v2\/product\/387378\/revisions"}],"predecessor-version":[{"id":426289,"href":"https:\/\/irankiuzona.lt\/ru\/wp-json\/wp\/v2\/product\/387378\/revisions\/426289"}],"wp:featuredmedia":[{"embeddable":true,"href":"https:\/\/irankiuzona.lt\/ru\/wp-json\/wp\/v2\/media\/387380"}],"wp:attachment":[{"href":"https:\/\/irankiuzona.lt\/ru\/wp-json\/wp\/v2\/media?parent=387378"}],"wp:term":[{"taxonomy":"product_cat","embeddable":true,"href":"https:\/\/irankiuzona.lt\/ru\/wp-json\/wp\/v2\/product_cat?post=387378"},{"taxonomy":"product_tag","embeddable":true,"href":"https:\/\/irankiuzona.lt\/ru\/wp-json\/wp\/v2\/product_tag?post=387378"}],"curies":[{"name":"wp","href":"https:\/\/api.w.org\/{rel}","templated":true}]}}