{"id":387381,"date":"2025-03-16T01:24:23","date_gmt":"2025-03-16T01:24:23","guid":{"rendered":"https:\/\/irankiuzona.lt\/product\/kniedijimo-komplektas-275vnt\/"},"modified":"2026-04-14T11:07:19","modified_gmt":"2026-04-14T11:07:19","slug":"kniedijimo-komplektas-275vnt","status":"publish","type":"product","link":"https:\/\/irankiuzona.lt\/ru\/product\/kniedijimo-komplektas-275vnt\/","title":{"rendered":"Kniedijimo komplektas 275vnt."},"content":{"rendered":"<p>\u2013 U\u017erakinimo repl\u0117s<br \/>\n\u2013 18 kei\u010diam\u0173 galvu\u010di\u0173<br \/>\n\u2013 Montavimo elementai<br \/>\n\u2013 10mm skl\u0105stis kniedijimui ir prisukimui<\/p>","protected":false},"excerpt":{"rendered":"<p>Kniedijimo komplektas 275vnt.<\/p>","protected":false},"featured_media":387383,"comment_status":"open","ping_status":"closed","template":"","meta":[],"product_cat":[9718],"product_tag":[10130],"class_list":{"0":"post-387381","1":"product","2":"type-product","3":"status-publish","4":"has-post-thumbnail","6":"product_brand-satra-lenkija","7":"product_cat-skyliu-ismusejai-odai-plastikui-gumai","8":"product_tag-satra-lenkija","10":"first","11":"instock","12":"purchasable","13":"product-type-simple"},"jetpack_sharing_enabled":true,"_links":{"self":[{"href":"https:\/\/irankiuzona.lt\/ru\/wp-json\/wp\/v2\/product\/387381","targetHints":{"allow":["GET"]}}],"collection":[{"href":"https:\/\/irankiuzona.lt\/ru\/wp-json\/wp\/v2\/product"}],"about":[{"href":"https:\/\/irankiuzona.lt\/ru\/wp-json\/wp\/v2\/types\/product"}],"replies":[{"embeddable":true,"href":"https:\/\/irankiuzona.lt\/ru\/wp-json\/wp\/v2\/comments?post=387381"}],"version-history":[{"count":1,"href":"https:\/\/irankiuzona.lt\/ru\/wp-json\/wp\/v2\/product\/387381\/revisions"}],"predecessor-version":[{"id":426290,"href":"https:\/\/irankiuzona.lt\/ru\/wp-json\/wp\/v2\/product\/387381\/revisions\/426290"}],"wp:featuredmedia":[{"embeddable":true,"href":"https:\/\/irankiuzona.lt\/ru\/wp-json\/wp\/v2\/media\/387383"}],"wp:attachment":[{"href":"https:\/\/irankiuzona.lt\/ru\/wp-json\/wp\/v2\/media?parent=387381"}],"wp:term":[{"taxonomy":"product_cat","embeddable":true,"href":"https:\/\/irankiuzona.lt\/ru\/wp-json\/wp\/v2\/product_cat?post=387381"},{"taxonomy":"product_tag","embeddable":true,"href":"https:\/\/irankiuzona.lt\/ru\/wp-json\/wp\/v2\/product_tag?post=387381"}],"curies":[{"name":"wp","href":"https:\/\/api.w.org\/{rel}","templated":true}]}}