{"id":387384,"date":"2025-03-16T01:24:28","date_gmt":"2025-03-16T01:24:28","guid":{"rendered":"https:\/\/irankiuzona.lt\/product\/galvute-dyzeliniui-siurbliui-mercedes-2\/"},"modified":"2026-04-14T18:56:28","modified_gmt":"2026-04-14T18:56:28","slug":"galvute-dyzeliniui-siurbliui-mercedes-2","status":"publish","type":"product","link":"https:\/\/irankiuzona.lt\/ru\/product\/galvute-dyzeliniui-siurbliui-mercedes-2\/","title":{"rendered":"Galvut\u0117 dyzeliniui siurbliui Mercedes"},"content":{"rendered":"<p>Specializuotas 33 kamp\u0173 lizdas. naudojamas Mercedes-Benz lengvuosiuose automobiliuose sl\u0117gio vo\u017etuvo laikikliui nuimti \/ sumontuoti ant \u012fpur\u0161kimo siurblio.<br \/>\n&#8211; dangtelio ilgis: 56 mm<br \/>\n\u2013 vidutinis ext. lizdai: 18 mm<br \/>\nTaikymas:<br \/>\n601, 602, 603, 605, 606, 615, 616 ir 617<\/p>","protected":false},"excerpt":{"rendered":"<p>Galvut\u0117 dyzeliniui siurbliui Mercedes<\/p>","protected":false},"featured_media":387386,"comment_status":"open","ping_status":"open","template":"","meta":[],"product_cat":[9825],"product_tag":[10130],"class_list":{"0":"post-387384","1":"product","2":"type-product","3":"status-publish","4":"has-post-thumbnail","6":"product_brand-satra-lenkija","7":"product_cat-irankiai-kuro-siurbliui","8":"product_tag-satra-lenkija","10":"first","11":"instock","12":"purchasable","13":"product-type-simple"},"jetpack_sharing_enabled":true,"_links":{"self":[{"href":"https:\/\/irankiuzona.lt\/ru\/wp-json\/wp\/v2\/product\/387384","targetHints":{"allow":["GET"]}}],"collection":[{"href":"https:\/\/irankiuzona.lt\/ru\/wp-json\/wp\/v2\/product"}],"about":[{"href":"https:\/\/irankiuzona.lt\/ru\/wp-json\/wp\/v2\/types\/product"}],"replies":[{"embeddable":true,"href":"https:\/\/irankiuzona.lt\/ru\/wp-json\/wp\/v2\/comments?post=387384"}],"version-history":[{"count":1,"href":"https:\/\/irankiuzona.lt\/ru\/wp-json\/wp\/v2\/product\/387384\/revisions"}],"predecessor-version":[{"id":426292,"href":"https:\/\/irankiuzona.lt\/ru\/wp-json\/wp\/v2\/product\/387384\/revisions\/426292"}],"wp:featuredmedia":[{"embeddable":true,"href":"https:\/\/irankiuzona.lt\/ru\/wp-json\/wp\/v2\/media\/387386"}],"wp:attachment":[{"href":"https:\/\/irankiuzona.lt\/ru\/wp-json\/wp\/v2\/media?parent=387384"}],"wp:term":[{"taxonomy":"product_cat","embeddable":true,"href":"https:\/\/irankiuzona.lt\/ru\/wp-json\/wp\/v2\/product_cat?post=387384"},{"taxonomy":"product_tag","embeddable":true,"href":"https:\/\/irankiuzona.lt\/ru\/wp-json\/wp\/v2\/product_tag?post=387384"}],"curies":[{"name":"wp","href":"https:\/\/api.w.org\/{rel}","templated":true}]}}