{"id":387393,"date":"2025-03-16T01:24:42","date_gmt":"2025-03-16T01:24:42","guid":{"rendered":"https:\/\/irankiuzona.lt\/product\/automatines-transmisijos-alyvos-isleidimo-ir-pripildymo-rinkinys-mb-9g-tronic-2\/"},"modified":"2026-04-14T05:02:00","modified_gmt":"2026-04-14T05:02:00","slug":"automatines-transmisijos-alyvos-isleidimo-ir-pripildymo-rinkinys-mb-9g-tronic-2","status":"publish","type":"product","link":"https:\/\/irankiuzona.lt\/ru\/product\/automatines-transmisijos-alyvos-isleidimo-ir-pripildymo-rinkinys-mb-9g-tronic-2\/","title":{"rendered":"Automatin\u0117s transmisijos alyvos i\u0161leidimo ir pripildymo rinkinys MB 9G-Tronic"},"content":{"rendered":"<p>Taikymas Mercedes-Benz 725.0 2014-2017 9G-Tronic 725 pavar\u0173 d\u0117\u017eei, be kita ko. 2013 m. E350 Bluetec ir 2014 CLS<br \/>\nM12X1.5 jungties vidinis sriegis gali b\u016bti naudojamas su alyvos dozatoriumi.<br \/>\nPapildomai yra 1 pavar\u0173 alyvos pildymo adapteris Benz 722.9 pavar\u0173 d\u0117\u017eei (dydis: M12X1.5)<\/p>","protected":false},"excerpt":{"rendered":"<p>Tepalo keitimo \u012frankiai 9G TRONIC MB<\/p>","protected":false},"featured_media":387395,"comment_status":"open","ping_status":"open","template":"","meta":[],"product_cat":[9571],"product_tag":[10130],"class_list":{"0":"post-387393","1":"product","2":"type-product","3":"status-publish","4":"has-post-thumbnail","6":"product_brand-satra-lenkija","7":"product_cat-pompos-alyvai-degalams-sifonai","8":"product_tag-satra-lenkija","10":"first","11":"outofstock","12":"purchasable","13":"product-type-simple"},"jetpack_sharing_enabled":true,"_links":{"self":[{"href":"https:\/\/irankiuzona.lt\/ru\/wp-json\/wp\/v2\/product\/387393","targetHints":{"allow":["GET"]}}],"collection":[{"href":"https:\/\/irankiuzona.lt\/ru\/wp-json\/wp\/v2\/product"}],"about":[{"href":"https:\/\/irankiuzona.lt\/ru\/wp-json\/wp\/v2\/types\/product"}],"replies":[{"embeddable":true,"href":"https:\/\/irankiuzona.lt\/ru\/wp-json\/wp\/v2\/comments?post=387393"}],"version-history":[{"count":1,"href":"https:\/\/irankiuzona.lt\/ru\/wp-json\/wp\/v2\/product\/387393\/revisions"}],"predecessor-version":[{"id":426296,"href":"https:\/\/irankiuzona.lt\/ru\/wp-json\/wp\/v2\/product\/387393\/revisions\/426296"}],"wp:featuredmedia":[{"embeddable":true,"href":"https:\/\/irankiuzona.lt\/ru\/wp-json\/wp\/v2\/media\/387395"}],"wp:attachment":[{"href":"https:\/\/irankiuzona.lt\/ru\/wp-json\/wp\/v2\/media?parent=387393"}],"wp:term":[{"taxonomy":"product_cat","embeddable":true,"href":"https:\/\/irankiuzona.lt\/ru\/wp-json\/wp\/v2\/product_cat?post=387393"},{"taxonomy":"product_tag","embeddable":true,"href":"https:\/\/irankiuzona.lt\/ru\/wp-json\/wp\/v2\/product_tag?post=387393"}],"curies":[{"name":"wp","href":"https:\/\/api.w.org\/{rel}","templated":true}]}}