{"id":387396,"date":"2025-03-16T01:24:49","date_gmt":"2025-03-16T01:24:49","guid":{"rendered":"https:\/\/irankiuzona.lt\/product\/kabeliu-rinkinys-21vnt\/"},"modified":"2026-02-04T14:30:53","modified_gmt":"2026-02-04T14:30:53","slug":"kabeliu-rinkinys-21vnt","status":"publish","type":"product","link":"https:\/\/irankiuzona.lt\/ru\/product\/kabeliu-rinkinys-21vnt\/","title":{"rendered":"Kabeli\u0173 rinkinys 21vnt"},"content":{"rendered":"<p>\u2013 Multimetro testavimo laidai su 1,4 mm ki\u0161tuku: 1x raudona ir 1x juoda<br \/>\n\u2013 Kei\u010diamas adat\u0173 rinkinys: 4x auksu dengtos a\u0161trios adatos, 4x standartin\u0117s adatos<br \/>\n\u2013 Apsauginis dangtelis: 1x raudonas, 1x juodas<br \/>\n\u2013 U tipo kabelio \u012fvadas: 1x raudonas, 1x juodas<br \/>\n\u2013 \u012etempimo spyruokl\u0117 4,2 mm x 4 mm<br \/>\n\u2013 Ki\u0161tuko adapteris: 1x raudonas, 1x juodas<br \/>\n\u2013 Segtukai: 1x raudoni, 1x juodi<br \/>\n\u2013 Zondo kabliukas: 1x raudonas, 1x juodas<br \/>\n\u2013 7,5 mm kai\u0161\u010dio bandymo gnybtas<\/p>","protected":false},"excerpt":{"rendered":"<p>Kabeli\u0173 rinkinys 21vnt<\/p>","protected":false},"featured_media":387398,"comment_status":"open","ping_status":"open","template":"","meta":[],"product_cat":[9654],"product_tag":[10130],"class_list":{"0":"post-387396","1":"product","2":"type-product","3":"status-publish","4":"has-post-thumbnail","6":"product_brand-satra-lenkija","7":"product_cat-jungtys-izoliacines-juostos","8":"product_tag-satra-lenkija","10":"first","11":"outofstock","12":"purchasable","13":"product-type-simple"},"jetpack_sharing_enabled":true,"_links":{"self":[{"href":"https:\/\/irankiuzona.lt\/ru\/wp-json\/wp\/v2\/product\/387396","targetHints":{"allow":["GET"]}}],"collection":[{"href":"https:\/\/irankiuzona.lt\/ru\/wp-json\/wp\/v2\/product"}],"about":[{"href":"https:\/\/irankiuzona.lt\/ru\/wp-json\/wp\/v2\/types\/product"}],"replies":[{"embeddable":true,"href":"https:\/\/irankiuzona.lt\/ru\/wp-json\/wp\/v2\/comments?post=387396"}],"version-history":[{"count":1,"href":"https:\/\/irankiuzona.lt\/ru\/wp-json\/wp\/v2\/product\/387396\/revisions"}],"predecessor-version":[{"id":426297,"href":"https:\/\/irankiuzona.lt\/ru\/wp-json\/wp\/v2\/product\/387396\/revisions\/426297"}],"wp:featuredmedia":[{"embeddable":true,"href":"https:\/\/irankiuzona.lt\/ru\/wp-json\/wp\/v2\/media\/387398"}],"wp:attachment":[{"href":"https:\/\/irankiuzona.lt\/ru\/wp-json\/wp\/v2\/media?parent=387396"}],"wp:term":[{"taxonomy":"product_cat","embeddable":true,"href":"https:\/\/irankiuzona.lt\/ru\/wp-json\/wp\/v2\/product_cat?post=387396"},{"taxonomy":"product_tag","embeddable":true,"href":"https:\/\/irankiuzona.lt\/ru\/wp-json\/wp\/v2\/product_tag?post=387396"}],"curies":[{"name":"wp","href":"https:\/\/api.w.org\/{rel}","templated":true}]}}