{"id":387402,"date":"2025-03-16T01:24:59","date_gmt":"2025-03-16T01:24:59","guid":{"rendered":"https:\/\/irankiuzona.lt\/product\/rotarine-pompa-pps-chemikalams-ad-blue-plovikliams\/"},"modified":"2025-10-02T12:15:59","modified_gmt":"2025-10-02T12:15:59","slug":"rotarine-pompa-pps-chemikalams-ad-blue-plovikliams","status":"publish","type":"product","link":"https:\/\/irankiuzona.lt\/ru\/product\/rotarine-pompa-pps-chemikalams-ad-blue-plovikliams\/","title":{"rendered":"Rotarin\u0117 pompa PPS chemikalams, Ad Blue, plovikliams"},"content":{"rendered":"<p>Na\u0161umas 30 l \/ 100 apsisukim\u0173I\u0161traukimo \/ i\u0161leidimo vamzd\u017eio \u2300 1&quot; \/ 3\/4&quot;Tinka statin\u0117ms ir talpoms 60 &#8211; 220 l \/ 16 &#8211; 58 GALSkirta vandeniui, \u201eAdBlue\u201c, dyzelinui, biodyzelinui, \u0161ildymo alyvai ir daugeliui chemikal\u0173 i\u0161pilstyti\u201eViton\u201c sandarikliai su ner\u016bdijan\u010dio plieno tvirtinimo detal\u0117misDidelio na\u0161umo polifenileno sulfido (PPS) siurblio korpusas<\/p>","protected":false},"excerpt":{"rendered":"<p>Pompa rotorin\u0117 PPS adblue, kurui, chemikalam<\/p>","protected":false},"featured_media":387404,"comment_status":"open","ping_status":"open","template":"","meta":[],"product_cat":[9571],"product_tag":[],"class_list":{"0":"post-387402","1":"product","2":"type-product","3":"status-publish","4":"has-post-thumbnail","6":"product_cat-pompos-alyvai-degalams-sifonai","8":"first","9":"outofstock","10":"purchasable","11":"product-type-simple"},"jetpack_sharing_enabled":true,"_links":{"self":[{"href":"https:\/\/irankiuzona.lt\/ru\/wp-json\/wp\/v2\/product\/387402","targetHints":{"allow":["GET"]}}],"collection":[{"href":"https:\/\/irankiuzona.lt\/ru\/wp-json\/wp\/v2\/product"}],"about":[{"href":"https:\/\/irankiuzona.lt\/ru\/wp-json\/wp\/v2\/types\/product"}],"replies":[{"embeddable":true,"href":"https:\/\/irankiuzona.lt\/ru\/wp-json\/wp\/v2\/comments?post=387402"}],"version-history":[{"count":0,"href":"https:\/\/irankiuzona.lt\/ru\/wp-json\/wp\/v2\/product\/387402\/revisions"}],"wp:featuredmedia":[{"embeddable":true,"href":"https:\/\/irankiuzona.lt\/ru\/wp-json\/wp\/v2\/media\/387404"}],"wp:attachment":[{"href":"https:\/\/irankiuzona.lt\/ru\/wp-json\/wp\/v2\/media?parent=387402"}],"wp:term":[{"taxonomy":"product_cat","embeddable":true,"href":"https:\/\/irankiuzona.lt\/ru\/wp-json\/wp\/v2\/product_cat?post=387402"},{"taxonomy":"product_tag","embeddable":true,"href":"https:\/\/irankiuzona.lt\/ru\/wp-json\/wp\/v2\/product_tag?post=387402"}],"curies":[{"name":"wp","href":"https:\/\/api.w.org\/{rel}","templated":true}]}}