{"id":387453,"date":"2025-03-18T22:32:29","date_gmt":"2025-03-18T22:32:29","guid":{"rendered":"https:\/\/irankiuzona.lt\/product\/rato-guolio-presavimo-komplektas-o82mm\/"},"modified":"2026-04-23T09:12:18","modified_gmt":"2026-04-23T09:12:18","slug":"rato-guolio-presavimo-komplektas-o82mm","status":"publish","type":"product","link":"https:\/\/irankiuzona.lt\/ru\/product\/rato-guolio-presavimo-komplektas-o82mm\/","title":{"rendered":"Rato guolio presavimo komplektas \u00d882mm"},"content":{"rendered":"<p>\u00d8 82mm rato guoli\u0173 presavimo komplektas<\/p>","protected":false},"excerpt":{"rendered":"<p>Rat\u0173 guoli\u0173 presavimo \u012frankiai Ford, Land Rover, Volvo Guolio blokas \u00d8 82 mm<\/p>","protected":false},"featured_media":247333,"comment_status":"open","ping_status":"open","template":"","meta":[],"product_cat":[9731],"product_tag":[9435],"class_list":{"0":"post-387453","1":"product","2":"type-product","3":"status-publish","4":"has-post-thumbnail","6":"product_brand-kinija","7":"product_cat-guoliu-sailentbloku-presavimo-irankiai","8":"product_tag-kinija","10":"first","11":"outofstock","12":"purchasable","13":"product-type-simple"},"jetpack_sharing_enabled":true,"_links":{"self":[{"href":"https:\/\/irankiuzona.lt\/ru\/wp-json\/wp\/v2\/product\/387453","targetHints":{"allow":["GET"]}}],"collection":[{"href":"https:\/\/irankiuzona.lt\/ru\/wp-json\/wp\/v2\/product"}],"about":[{"href":"https:\/\/irankiuzona.lt\/ru\/wp-json\/wp\/v2\/types\/product"}],"replies":[{"embeddable":true,"href":"https:\/\/irankiuzona.lt\/ru\/wp-json\/wp\/v2\/comments?post=387453"}],"version-history":[{"count":1,"href":"https:\/\/irankiuzona.lt\/ru\/wp-json\/wp\/v2\/product\/387453\/revisions"}],"predecessor-version":[{"id":417061,"href":"https:\/\/irankiuzona.lt\/ru\/wp-json\/wp\/v2\/product\/387453\/revisions\/417061"}],"wp:featuredmedia":[{"embeddable":true,"href":"https:\/\/irankiuzona.lt\/ru\/wp-json\/wp\/v2\/media\/247333"}],"wp:attachment":[{"href":"https:\/\/irankiuzona.lt\/ru\/wp-json\/wp\/v2\/media?parent=387453"}],"wp:term":[{"taxonomy":"product_cat","embeddable":true,"href":"https:\/\/irankiuzona.lt\/ru\/wp-json\/wp\/v2\/product_cat?post=387453"},{"taxonomy":"product_tag","embeddable":true,"href":"https:\/\/irankiuzona.lt\/ru\/wp-json\/wp\/v2\/product_tag?post=387453"}],"curies":[{"name":"wp","href":"https:\/\/api.w.org\/{rel}","templated":true}]}}