{"id":387495,"date":"2025-03-19T05:08:49","date_gmt":"2025-03-19T05:08:49","guid":{"rendered":"https:\/\/irankiuzona.lt\/product\/domkratas-hydraulinis-5t-115-505mm\/"},"modified":"2026-04-21T20:58:49","modified_gmt":"2026-04-21T20:58:49","slug":"domkratas-hydraulinis-5t-115-505mm","status":"publish","type":"product","link":"https:\/\/irankiuzona.lt\/ru\/product\/domkratas-hydraulinis-5t-115-505mm\/","title":{"rendered":"Domkratas hydraulinis 5T 115-505mm"},"content":{"rendered":"<p>Specifikacijos:Maks., apkrova 5TMin. k\u0117limo auk\u0161tis 115mmMaks. k\u0117limo auk\u0161tis 505mmDu st\u016bmokliaiGreitas pak\u0117limasPasukami galiniai ratai<\/p>","protected":false},"excerpt":{"rendered":"<p>Domkratas hydraulinis 5T 115-505mm<\/p>","protected":false},"featured_media":374052,"comment_status":"open","ping_status":"closed","template":"","meta":[],"product_cat":[9959],"product_tag":[10151],"class_list":{"0":"post-387495","1":"product","2":"type-product","3":"status-publish","4":"has-post-thumbnail","6":"product_brand-lenkija-tiekejas","7":"product_cat-domkratai-hidrauliniai","8":"product_tag-lenkija-tiekejas","10":"first","11":"instock","12":"purchasable","13":"product-type-simple"},"jetpack_sharing_enabled":true,"_links":{"self":[{"href":"https:\/\/irankiuzona.lt\/ru\/wp-json\/wp\/v2\/product\/387495","targetHints":{"allow":["GET"]}}],"collection":[{"href":"https:\/\/irankiuzona.lt\/ru\/wp-json\/wp\/v2\/product"}],"about":[{"href":"https:\/\/irankiuzona.lt\/ru\/wp-json\/wp\/v2\/types\/product"}],"replies":[{"embeddable":true,"href":"https:\/\/irankiuzona.lt\/ru\/wp-json\/wp\/v2\/comments?post=387495"}],"version-history":[{"count":1,"href":"https:\/\/irankiuzona.lt\/ru\/wp-json\/wp\/v2\/product\/387495\/revisions"}],"predecessor-version":[{"id":424422,"href":"https:\/\/irankiuzona.lt\/ru\/wp-json\/wp\/v2\/product\/387495\/revisions\/424422"}],"wp:featuredmedia":[{"embeddable":true,"href":"https:\/\/irankiuzona.lt\/ru\/wp-json\/wp\/v2\/media\/374052"}],"wp:attachment":[{"href":"https:\/\/irankiuzona.lt\/ru\/wp-json\/wp\/v2\/media?parent=387495"}],"wp:term":[{"taxonomy":"product_cat","embeddable":true,"href":"https:\/\/irankiuzona.lt\/ru\/wp-json\/wp\/v2\/product_cat?post=387495"},{"taxonomy":"product_tag","embeddable":true,"href":"https:\/\/irankiuzona.lt\/ru\/wp-json\/wp\/v2\/product_tag?post=387495"}],"curies":[{"name":"wp","href":"https:\/\/api.w.org\/{rel}","templated":true}]}}