{"id":387511,"date":"2025-03-19T06:07:46","date_gmt":"2025-03-19T06:07:46","guid":{"rendered":"https:\/\/irankiuzona.lt\/product\/pjuklas-18tpi-ptfe-putu-polistiroliui-400mm\/"},"modified":"2026-04-21T18:58:38","modified_gmt":"2026-04-21T18:58:38","slug":"pjuklas-18tpi-ptfe-putu-polistiroliui-400mm","status":"publish","type":"product","link":"https:\/\/irankiuzona.lt\/ru\/product\/pjuklas-18tpi-ptfe-putu-polistiroliui-400mm\/","title":{"rendered":"Pj\u016bklas 18TPI, PTFE put\u0173 polistiroliui 400mm"},"content":{"rendered":"<p>A\u0161men\u0173 ilgis 400 mm, skirtas pjauti put\u0173 polistiroli<\/p>","protected":false},"excerpt":{"rendered":"<p>Pj\u016bklas 18TPI, PTFE put\u0173 polistiroliui 400mm<\/p>","protected":false},"featured_media":387513,"comment_status":"open","ping_status":"open","template":"","meta":[],"product_cat":[9997],"product_tag":[10162],"class_list":{"0":"post-387511","1":"product","2":"type-product","3":"status-publish","4":"has-post-thumbnail","6":"product_brand-waart-lenkija","7":"product_cat-pjuklai-pjovimo-dezutes-briaunu-nuemejai","8":"product_tag-waart-lenkija","10":"first","11":"instock","12":"purchasable","13":"product-type-simple"},"jetpack_sharing_enabled":true,"_links":{"self":[{"href":"https:\/\/irankiuzona.lt\/ru\/wp-json\/wp\/v2\/product\/387511","targetHints":{"allow":["GET"]}}],"collection":[{"href":"https:\/\/irankiuzona.lt\/ru\/wp-json\/wp\/v2\/product"}],"about":[{"href":"https:\/\/irankiuzona.lt\/ru\/wp-json\/wp\/v2\/types\/product"}],"replies":[{"embeddable":true,"href":"https:\/\/irankiuzona.lt\/ru\/wp-json\/wp\/v2\/comments?post=387511"}],"version-history":[{"count":1,"href":"https:\/\/irankiuzona.lt\/ru\/wp-json\/wp\/v2\/product\/387511\/revisions"}],"predecessor-version":[{"id":425526,"href":"https:\/\/irankiuzona.lt\/ru\/wp-json\/wp\/v2\/product\/387511\/revisions\/425526"}],"wp:featuredmedia":[{"embeddable":true,"href":"https:\/\/irankiuzona.lt\/ru\/wp-json\/wp\/v2\/media\/387513"}],"wp:attachment":[{"href":"https:\/\/irankiuzona.lt\/ru\/wp-json\/wp\/v2\/media?parent=387511"}],"wp:term":[{"taxonomy":"product_cat","embeddable":true,"href":"https:\/\/irankiuzona.lt\/ru\/wp-json\/wp\/v2\/product_cat?post=387511"},{"taxonomy":"product_tag","embeddable":true,"href":"https:\/\/irankiuzona.lt\/ru\/wp-json\/wp\/v2\/product_tag?post=387511"}],"curies":[{"name":"wp","href":"https:\/\/api.w.org\/{rel}","templated":true}]}}