{"id":387525,"date":"2025-03-19T06:46:25","date_gmt":"2025-03-19T06:46:25","guid":{"rendered":"https:\/\/irankiuzona.lt\/product\/endoskopas-su-ekranu-ips-2-8-fhd-2m\/"},"modified":"2026-04-15T13:34:59","modified_gmt":"2026-04-15T13:34:59","slug":"endoskopas-su-ekranu-ips-2-8-fhd-2m","status":"publish","type":"product","link":"https:\/\/irankiuzona.lt\/ru\/product\/endoskopas-su-ekranu-ips-2-8-fhd-2m\/","title":{"rendered":"Endoskopas su ekranu IPS 2.8&quot; FHD 2m"},"content":{"rendered":"<p>2,8 colio Rezoliucija: 1920*1080P Horizontalus \u017ei\u016br\u0117jimo kampas: 70\u00b0 Atsparumo vandeniui lygis: IP68 (tik objektyvui\/lempai) Objektyvo skersmuo: 3,9mm Endoskopo ilgis 2m \u0160viesos \u0161altinis: 6 LED lemput\u0117s (reguliuojamos) USB-C TF kortel\u0117s palaikymas.KabliukasMagnetas32GB atminties kortele<\/p>","protected":false},"excerpt":{"rendered":"<p>Endoskopas su ekranu IPS 2.8&quot; FHD 2m<\/p>","protected":false},"featured_media":387527,"comment_status":"open","ping_status":"open","template":"","meta":[],"product_cat":[10126],"product_tag":[10162],"class_list":{"0":"post-387525","1":"product","2":"type-product","3":"status-publish","4":"has-post-thumbnail","6":"product_brand-waart-lenkija","7":"product_cat-endoskopai-kameros","8":"product_tag-waart-lenkija","10":"first","11":"instock","12":"purchasable","13":"product-type-simple"},"jetpack_sharing_enabled":true,"_links":{"self":[{"href":"https:\/\/irankiuzona.lt\/ru\/wp-json\/wp\/v2\/product\/387525","targetHints":{"allow":["GET"]}}],"collection":[{"href":"https:\/\/irankiuzona.lt\/ru\/wp-json\/wp\/v2\/product"}],"about":[{"href":"https:\/\/irankiuzona.lt\/ru\/wp-json\/wp\/v2\/types\/product"}],"replies":[{"embeddable":true,"href":"https:\/\/irankiuzona.lt\/ru\/wp-json\/wp\/v2\/comments?post=387525"}],"version-history":[{"count":1,"href":"https:\/\/irankiuzona.lt\/ru\/wp-json\/wp\/v2\/product\/387525\/revisions"}],"predecessor-version":[{"id":426263,"href":"https:\/\/irankiuzona.lt\/ru\/wp-json\/wp\/v2\/product\/387525\/revisions\/426263"}],"wp:featuredmedia":[{"embeddable":true,"href":"https:\/\/irankiuzona.lt\/ru\/wp-json\/wp\/v2\/media\/387527"}],"wp:attachment":[{"href":"https:\/\/irankiuzona.lt\/ru\/wp-json\/wp\/v2\/media?parent=387525"}],"wp:term":[{"taxonomy":"product_cat","embeddable":true,"href":"https:\/\/irankiuzona.lt\/ru\/wp-json\/wp\/v2\/product_cat?post=387525"},{"taxonomy":"product_tag","embeddable":true,"href":"https:\/\/irankiuzona.lt\/ru\/wp-json\/wp\/v2\/product_tag?post=387525"}],"curies":[{"name":"wp","href":"https:\/\/api.w.org\/{rel}","templated":true}]}}