{"id":387528,"date":"2025-03-19T06:46:32","date_gmt":"2025-03-19T06:46:32","guid":{"rendered":"https:\/\/irankiuzona.lt\/product\/graztas-betonui-kryzminis-sds-plus-281000mm\/"},"modified":"2026-04-15T13:35:00","modified_gmt":"2026-04-15T13:35:00","slug":"graztas-betonui-kryzminis-sds-plus-281000mm","status":"publish","type":"product","link":"https:\/\/irankiuzona.lt\/ru\/product\/graztas-betonui-kryzminis-sds-plus-281000mm\/","title":{"rendered":"Gr\u0105\u017etas betonui kry\u017eminis SDS-plus \/ 28*1000mm"},"content":{"rendered":"<p>Storis: 28 mmVisas ilgis: 1000 mmRankenos tipas: SDS-PLUSMed\u017eiaga: plienas + cementuotas karbidasKry\u017eminis antgalis padidina med\u017eiagos gr\u0119\u017eimo greit\u012f.Gr\u0105\u017eto galvut\u0117 su skersine plok\u0161te neu\u017eblokuoja gr\u0105\u017eto atsitrenkiant \u012f armat\u016br\u0105.<\/p>","protected":false},"excerpt":{"rendered":"<p>Gr\u0105\u017etas betonui kry\u017eminis SDS-plus \/ 28*1000mm<\/p>","protected":false},"featured_media":387530,"comment_status":"open","ping_status":"open","template":"","meta":[],"product_cat":[9639],"product_tag":[10162],"class_list":{"0":"post-387528","1":"product","2":"type-product","3":"status-publish","4":"has-post-thumbnail","6":"product_brand-waart-lenkija","7":"product_cat-graztai-betonui-sds","8":"product_tag-waart-lenkija","10":"first","11":"instock","12":"purchasable","13":"product-type-simple"},"jetpack_sharing_enabled":true,"_links":{"self":[{"href":"https:\/\/irankiuzona.lt\/ru\/wp-json\/wp\/v2\/product\/387528","targetHints":{"allow":["GET"]}}],"collection":[{"href":"https:\/\/irankiuzona.lt\/ru\/wp-json\/wp\/v2\/product"}],"about":[{"href":"https:\/\/irankiuzona.lt\/ru\/wp-json\/wp\/v2\/types\/product"}],"replies":[{"embeddable":true,"href":"https:\/\/irankiuzona.lt\/ru\/wp-json\/wp\/v2\/comments?post=387528"}],"version-history":[{"count":1,"href":"https:\/\/irankiuzona.lt\/ru\/wp-json\/wp\/v2\/product\/387528\/revisions"}],"predecessor-version":[{"id":426265,"href":"https:\/\/irankiuzona.lt\/ru\/wp-json\/wp\/v2\/product\/387528\/revisions\/426265"}],"wp:featuredmedia":[{"embeddable":true,"href":"https:\/\/irankiuzona.lt\/ru\/wp-json\/wp\/v2\/media\/387530"}],"wp:attachment":[{"href":"https:\/\/irankiuzona.lt\/ru\/wp-json\/wp\/v2\/media?parent=387528"}],"wp:term":[{"taxonomy":"product_cat","embeddable":true,"href":"https:\/\/irankiuzona.lt\/ru\/wp-json\/wp\/v2\/product_cat?post=387528"},{"taxonomy":"product_tag","embeddable":true,"href":"https:\/\/irankiuzona.lt\/ru\/wp-json\/wp\/v2\/product_tag?post=387528"}],"curies":[{"name":"wp","href":"https:\/\/api.w.org\/{rel}","templated":true}]}}