{"id":387534,"date":"2025-03-19T06:46:49","date_gmt":"2025-03-19T06:46:49","guid":{"rendered":"https:\/\/irankiuzona.lt\/product\/spaustuvai-kampams-95mm\/"},"modified":"2026-04-13T18:10:59","modified_gmt":"2026-04-13T18:10:59","slug":"spaustuvai-kampams-95mm","status":"publish","type":"product","link":"https:\/\/irankiuzona.lt\/ru\/product\/spaustuvai-kampams-95mm\/","title":{"rendered":"Spaustuvai kampams 95mm"},"content":{"rendered":"<p>Pagamintos i\u0161 sm\u016bgiams atsparaus ABS plastiko, jis yra ypa\u010d patvarus.Maksimalus atstumas tarp \u017eandikaulio 95 mm<\/p>","protected":false},"excerpt":{"rendered":"<p>Spaustuvai kampams 95mm<\/p>","protected":false},"featured_media":387536,"comment_status":"open","ping_status":"open","template":"","meta":[],"product_cat":[9720],"product_tag":[10162],"class_list":{"0":"post-387534","1":"product","2":"type-product","3":"status-publish","4":"has-post-thumbnail","6":"product_brand-waart-lenkija","7":"product_cat-rankiniai-spaustuvai","8":"product_tag-waart-lenkija","10":"first","11":"instock","12":"purchasable","13":"product-type-simple"},"jetpack_sharing_enabled":true,"_links":{"self":[{"href":"https:\/\/irankiuzona.lt\/ru\/wp-json\/wp\/v2\/product\/387534","targetHints":{"allow":["GET"]}}],"collection":[{"href":"https:\/\/irankiuzona.lt\/ru\/wp-json\/wp\/v2\/product"}],"about":[{"href":"https:\/\/irankiuzona.lt\/ru\/wp-json\/wp\/v2\/types\/product"}],"replies":[{"embeddable":true,"href":"https:\/\/irankiuzona.lt\/ru\/wp-json\/wp\/v2\/comments?post=387534"}],"version-history":[{"count":1,"href":"https:\/\/irankiuzona.lt\/ru\/wp-json\/wp\/v2\/product\/387534\/revisions"}],"predecessor-version":[{"id":426271,"href":"https:\/\/irankiuzona.lt\/ru\/wp-json\/wp\/v2\/product\/387534\/revisions\/426271"}],"wp:featuredmedia":[{"embeddable":true,"href":"https:\/\/irankiuzona.lt\/ru\/wp-json\/wp\/v2\/media\/387536"}],"wp:attachment":[{"href":"https:\/\/irankiuzona.lt\/ru\/wp-json\/wp\/v2\/media?parent=387534"}],"wp:term":[{"taxonomy":"product_cat","embeddable":true,"href":"https:\/\/irankiuzona.lt\/ru\/wp-json\/wp\/v2\/product_cat?post=387534"},{"taxonomy":"product_tag","embeddable":true,"href":"https:\/\/irankiuzona.lt\/ru\/wp-json\/wp\/v2\/product_tag?post=387534"}],"curies":[{"name":"wp","href":"https:\/\/api.w.org\/{rel}","templated":true}]}}