{"id":387573,"date":"2025-03-19T06:48:46","date_gmt":"2025-03-19T06:48:46","guid":{"rendered":"https:\/\/irankiuzona.lt\/product\/dyz-purkstuku-frezos-raiberiai-17-vnt-2\/"},"modified":"2026-04-14T22:42:32","modified_gmt":"2026-04-14T22:42:32","slug":"dyz-purkstuku-frezos-raiberiai-17-vnt-2","status":"publish","type":"product","link":"https:\/\/irankiuzona.lt\/ru\/product\/dyz-purkstuku-frezos-raiberiai-17-vnt-2\/","title":{"rendered":"Dyz. purk\u0161tuk\u0173 frezos &#8211; raiberiai 17 vnt."},"content":{"rendered":"<p>1 x 15,5 mm x 15,5 mm1 x 17 mm x 17 mm1 x 17 mm x 21 mm1 x 14 mm x 14 mm1 x 15 mm x 15 mm1 x 15 mm x 19 mm1 x 17 mm x 17 mm1 x 17 mm x 17,5 mm1 x 17 mm x 19 mm1 x 17 mm x 19,5 mm1 x 17 mm x 20 mm1 x 17,5 mm x 20,5 mm1 x 19 mm x 21,5 mm1 x T formos rankena1x laikiklis1 x 15,5 mm x 225 mm laikiklis1 x 5 mm \u0161e\u0161iakampis<\/p>","protected":false},"excerpt":{"rendered":"<p>Dyzelini\u0173 purk\u0161tuk\u0173 lizd\u0173 frezos raiberiai 17 vnt.<\/p>","protected":false},"featured_media":387575,"comment_status":"open","ping_status":"open","template":"","meta":[],"product_cat":[9698],"product_tag":[10087],"class_list":{"0":"post-387573","1":"product","2":"type-product","3":"status-publish","4":"has-post-thumbnail","6":"product_brand-verke","7":"product_cat-frezos-raiberiai-purkstukams","8":"product_tag-verke","10":"first","11":"instock","12":"purchasable","13":"product-type-simple"},"jetpack_sharing_enabled":true,"_links":{"self":[{"href":"https:\/\/irankiuzona.lt\/ru\/wp-json\/wp\/v2\/product\/387573","targetHints":{"allow":["GET"]}}],"collection":[{"href":"https:\/\/irankiuzona.lt\/ru\/wp-json\/wp\/v2\/product"}],"about":[{"href":"https:\/\/irankiuzona.lt\/ru\/wp-json\/wp\/v2\/types\/product"}],"replies":[{"embeddable":true,"href":"https:\/\/irankiuzona.lt\/ru\/wp-json\/wp\/v2\/comments?post=387573"}],"version-history":[{"count":1,"href":"https:\/\/irankiuzona.lt\/ru\/wp-json\/wp\/v2\/product\/387573\/revisions"}],"predecessor-version":[{"id":426313,"href":"https:\/\/irankiuzona.lt\/ru\/wp-json\/wp\/v2\/product\/387573\/revisions\/426313"}],"wp:featuredmedia":[{"embeddable":true,"href":"https:\/\/irankiuzona.lt\/ru\/wp-json\/wp\/v2\/media\/387575"}],"wp:attachment":[{"href":"https:\/\/irankiuzona.lt\/ru\/wp-json\/wp\/v2\/media?parent=387573"}],"wp:term":[{"taxonomy":"product_cat","embeddable":true,"href":"https:\/\/irankiuzona.lt\/ru\/wp-json\/wp\/v2\/product_cat?post=387573"},{"taxonomy":"product_tag","embeddable":true,"href":"https:\/\/irankiuzona.lt\/ru\/wp-json\/wp\/v2\/product_tag?post=387573"}],"curies":[{"name":"wp","href":"https:\/\/api.w.org\/{rel}","templated":true}]}}