{"id":387585,"date":"2025-03-19T06:49:02","date_gmt":"2025-03-19T06:49:02","guid":{"rendered":"https:\/\/irankiuzona.lt\/product\/guoliu-sailentbloku-presavimo-komplektas-27daliu-2\/"},"modified":"2026-04-14T11:07:22","modified_gmt":"2026-04-14T11:07:22","slug":"guoliu-sailentbloku-presavimo-komplektas-27daliu-2","status":"publish","type":"product","link":"https:\/\/irankiuzona.lt\/ru\/product\/guoliu-sailentbloku-presavimo-komplektas-27daliu-2\/","title":{"rendered":"Guoli\u0173, sailentblok\u0173 presavimo komplektas, 27dali\u0173"},"content":{"rendered":"<p>M10 x 350mmM12 x 350mmM14 x 350mmM16 x 350mmM18 x 350mm<br \/>\n\u00d8 90\u00d780 mm\u00d8 85\u00d775 mm\u00d8 82\u00d772 mm\u00d8 80\u00d770 mm\u00d8 78\u00d768 mm\u00d8 76\u00d766 mm\u00d8 74\u00d764 mm\u00d8 72\u00d762 mm\u00d8 70\u00d760 mm\u00d8 68\u00d758 mm\u00d8 66\u00d756 mm\u00d8 64\u00d754 mm\u00d8 62\u00d752 mm\u00d8 60\u00d750 mm\u00d8 58\u00d748 mm\u00d8 56\u00d746 mm\u00d8 54\u00d744 mm\u00d8 52\u00d742 mm\u00d8 50\u00d740 mm\u00d8 48\u00d738 mm\u00d8 46\u00d736 mm\u00d8 44\u00d734 mm<\/p>","protected":false},"excerpt":{"rendered":"<p>Guoli\u0173, sailentblok\u0173 presavimo komplektas, 27dali\u0173<\/p>","protected":false},"featured_media":387587,"comment_status":"open","ping_status":"open","template":"","meta":[],"product_cat":[9731],"product_tag":[10087],"class_list":{"0":"post-387585","1":"product","2":"type-product","3":"status-publish","4":"has-post-thumbnail","6":"product_brand-verke","7":"product_cat-guoliu-sailentbloku-presavimo-irankiai","8":"product_tag-verke","10":"first","11":"outofstock","12":"purchasable","13":"product-type-simple"},"jetpack_sharing_enabled":true,"_links":{"self":[{"href":"https:\/\/irankiuzona.lt\/ru\/wp-json\/wp\/v2\/product\/387585","targetHints":{"allow":["GET"]}}],"collection":[{"href":"https:\/\/irankiuzona.lt\/ru\/wp-json\/wp\/v2\/product"}],"about":[{"href":"https:\/\/irankiuzona.lt\/ru\/wp-json\/wp\/v2\/types\/product"}],"replies":[{"embeddable":true,"href":"https:\/\/irankiuzona.lt\/ru\/wp-json\/wp\/v2\/comments?post=387585"}],"version-history":[{"count":1,"href":"https:\/\/irankiuzona.lt\/ru\/wp-json\/wp\/v2\/product\/387585\/revisions"}],"predecessor-version":[{"id":426318,"href":"https:\/\/irankiuzona.lt\/ru\/wp-json\/wp\/v2\/product\/387585\/revisions\/426318"}],"wp:featuredmedia":[{"embeddable":true,"href":"https:\/\/irankiuzona.lt\/ru\/wp-json\/wp\/v2\/media\/387587"}],"wp:attachment":[{"href":"https:\/\/irankiuzona.lt\/ru\/wp-json\/wp\/v2\/media?parent=387585"}],"wp:term":[{"taxonomy":"product_cat","embeddable":true,"href":"https:\/\/irankiuzona.lt\/ru\/wp-json\/wp\/v2\/product_cat?post=387585"},{"taxonomy":"product_tag","embeddable":true,"href":"https:\/\/irankiuzona.lt\/ru\/wp-json\/wp\/v2\/product_tag?post=387585"}],"curies":[{"name":"wp","href":"https:\/\/api.w.org\/{rel}","templated":true}]}}