{"id":387588,"date":"2025-03-19T06:49:06","date_gmt":"2025-03-19T06:49:06","guid":{"rendered":"https:\/\/irankiuzona.lt\/product\/skyliu-ismusimo-komplektas-25-12-mm-10vnt\/"},"modified":"2026-04-14T06:47:00","modified_gmt":"2026-04-14T06:47:00","slug":"skyliu-ismusimo-komplektas-25-12-mm-10vnt","status":"publish","type":"product","link":"https:\/\/irankiuzona.lt\/ru\/product\/skyliu-ismusimo-komplektas-25-12-mm-10vnt\/","title":{"rendered":"Skyli\u0173 i\u0161mu\u0161imo komplektas (2,5-12 mm) 10vnt."},"content":{"rendered":"<p>Komplekte \u00d8 2.5, 3, 4, 5, 6, 7, 8, 10, 11, 12 mm<\/p>","protected":false},"excerpt":{"rendered":"<p>Skyli\u0173 i\u0161mu\u0161imo komplektas (2,5-12 mm)<\/p>","protected":false},"featured_media":387590,"comment_status":"open","ping_status":"open","template":"","meta":[],"product_cat":[9718],"product_tag":[9462],"class_list":{"0":"post-387588","1":"product","2":"type-product","3":"status-publish","4":"has-post-thumbnail","6":"product_brand-condor-werkzeug-vokietija","7":"product_cat-skyliu-ismusejai-odai-plastikui-gumai","8":"product_tag-condor-werkzeug-vokietija","10":"first","11":"instock","12":"purchasable","13":"product-type-simple"},"jetpack_sharing_enabled":true,"_links":{"self":[{"href":"https:\/\/irankiuzona.lt\/ru\/wp-json\/wp\/v2\/product\/387588","targetHints":{"allow":["GET"]}}],"collection":[{"href":"https:\/\/irankiuzona.lt\/ru\/wp-json\/wp\/v2\/product"}],"about":[{"href":"https:\/\/irankiuzona.lt\/ru\/wp-json\/wp\/v2\/types\/product"}],"replies":[{"embeddable":true,"href":"https:\/\/irankiuzona.lt\/ru\/wp-json\/wp\/v2\/comments?post=387588"}],"version-history":[{"count":1,"href":"https:\/\/irankiuzona.lt\/ru\/wp-json\/wp\/v2\/product\/387588\/revisions"}],"predecessor-version":[{"id":426323,"href":"https:\/\/irankiuzona.lt\/ru\/wp-json\/wp\/v2\/product\/387588\/revisions\/426323"}],"wp:featuredmedia":[{"embeddable":true,"href":"https:\/\/irankiuzona.lt\/ru\/wp-json\/wp\/v2\/media\/387590"}],"wp:attachment":[{"href":"https:\/\/irankiuzona.lt\/ru\/wp-json\/wp\/v2\/media?parent=387588"}],"wp:term":[{"taxonomy":"product_cat","embeddable":true,"href":"https:\/\/irankiuzona.lt\/ru\/wp-json\/wp\/v2\/product_cat?post=387588"},{"taxonomy":"product_tag","embeddable":true,"href":"https:\/\/irankiuzona.lt\/ru\/wp-json\/wp\/v2\/product_tag?post=387588"}],"curies":[{"name":"wp","href":"https:\/\/api.w.org\/{rel}","templated":true}]}}