{"id":388485,"date":"2025-03-25T21:23:03","date_gmt":"2025-03-25T21:23:03","guid":{"rendered":"https:\/\/irankiuzona.lt\/product\/purkstuku-isemimo-komplektas-fiat-opel-ford\/"},"modified":"2026-05-14T16:33:18","modified_gmt":"2026-05-14T16:33:18","slug":"purkstuku-isemimo-komplektas-fiat-opel-ford","status":"publish","type":"product","link":"https:\/\/irankiuzona.lt\/ru\/product\/purkstuku-isemimo-komplektas-fiat-opel-ford\/","title":{"rendered":"Purk\u0161tuk\u0173 i\u0161\u0117mimo komplektas FIAT\/OPEL\/FORD"},"content":{"rendered":"<p>FIAT, OPEL, FORD, IVECO ir SUZUKI varikli\u0173 purk\u0161tuk\u0173 i\u0161montavimui.\u012e komplekt\u0105 \u012feina:<br \/>\n\u2013 Tvirtas ir reguliuojamas pagrindas<br \/>\n\u2013 Purk\u0161tuk\u0173 vo\u017etuv\u0173 raktas<br \/>\n\u2013 Kai\u0161\u010diai su dvigubu tvirtinimu BOSCH purk\u0161tukams<\/p>","protected":false},"excerpt":{"rendered":"<p>Purk\u0161tuk\u0173 i\u0161\u0117mimo komplektas FIAT\/OPEL\/FORD<\/p>","protected":false},"featured_media":388487,"comment_status":"open","ping_status":"closed","template":"","meta":[],"product_cat":[9701],"product_tag":[10130],"class_list":{"0":"post-388485","1":"product","2":"type-product","3":"status-publish","4":"has-post-thumbnail","6":"product_brand-satra-lenkija","7":"product_cat-purkstuku-istraukimui","8":"product_tag-satra-lenkija","10":"first","11":"instock","12":"purchasable","13":"product-type-simple"},"jetpack_sharing_enabled":true,"_links":{"self":[{"href":"https:\/\/irankiuzona.lt\/ru\/wp-json\/wp\/v2\/product\/388485","targetHints":{"allow":["GET"]}}],"collection":[{"href":"https:\/\/irankiuzona.lt\/ru\/wp-json\/wp\/v2\/product"}],"about":[{"href":"https:\/\/irankiuzona.lt\/ru\/wp-json\/wp\/v2\/types\/product"}],"replies":[{"embeddable":true,"href":"https:\/\/irankiuzona.lt\/ru\/wp-json\/wp\/v2\/comments?post=388485"}],"version-history":[{"count":1,"href":"https:\/\/irankiuzona.lt\/ru\/wp-json\/wp\/v2\/product\/388485\/revisions"}],"predecessor-version":[{"id":426316,"href":"https:\/\/irankiuzona.lt\/ru\/wp-json\/wp\/v2\/product\/388485\/revisions\/426316"}],"wp:featuredmedia":[{"embeddable":true,"href":"https:\/\/irankiuzona.lt\/ru\/wp-json\/wp\/v2\/media\/388487"}],"wp:attachment":[{"href":"https:\/\/irankiuzona.lt\/ru\/wp-json\/wp\/v2\/media?parent=388485"}],"wp:term":[{"taxonomy":"product_cat","embeddable":true,"href":"https:\/\/irankiuzona.lt\/ru\/wp-json\/wp\/v2\/product_cat?post=388485"},{"taxonomy":"product_tag","embeddable":true,"href":"https:\/\/irankiuzona.lt\/ru\/wp-json\/wp\/v2\/product_tag?post=388485"}],"curies":[{"name":"wp","href":"https:\/\/api.w.org\/{rel}","templated":true}]}}