{"id":400040,"date":"2025-04-02T00:45:40","date_gmt":"2025-04-02T00:45:40","guid":{"rendered":"https:\/\/irankiuzona.lt\/product\/pistoletas-montazinems-putoms-320mm-3\/"},"modified":"2026-04-05T17:48:52","modified_gmt":"2026-04-05T17:48:52","slug":"pistoletas-montazinems-putoms-320mm-3","status":"publish","type":"product","link":"https:\/\/irankiuzona.lt\/ru\/product\/pistoletas-montazinems-putoms-320mm-3\/","title":{"rendered":"Pistoletas monta\u017ein\u0117ms putoms 320mm"},"content":{"rendered":"","protected":false},"excerpt":{"rendered":"<p>Pistoletas monta\u017ein\u0117ms putoms 320mm\u00a0<\/p>","protected":false},"featured_media":168669,"comment_status":"open","ping_status":"open","template":"","meta":[],"product_cat":[9477],"product_tag":[9628],"class_list":{"0":"post-400040","1":"product","2":"type-product","3":"status-publish","4":"has-post-thumbnail","6":"product_brand-condor-lenkija","7":"product_cat-pistoletai-silikonui-hermetikui-montavimo-putoms","8":"product_tag-condor-lenkija","10":"first","11":"instock","12":"purchasable","13":"product-type-simple"},"jetpack_sharing_enabled":true,"_links":{"self":[{"href":"https:\/\/irankiuzona.lt\/ru\/wp-json\/wp\/v2\/product\/400040","targetHints":{"allow":["GET"]}}],"collection":[{"href":"https:\/\/irankiuzona.lt\/ru\/wp-json\/wp\/v2\/product"}],"about":[{"href":"https:\/\/irankiuzona.lt\/ru\/wp-json\/wp\/v2\/types\/product"}],"replies":[{"embeddable":true,"href":"https:\/\/irankiuzona.lt\/ru\/wp-json\/wp\/v2\/comments?post=400040"}],"version-history":[{"count":0,"href":"https:\/\/irankiuzona.lt\/ru\/wp-json\/wp\/v2\/product\/400040\/revisions"}],"wp:featuredmedia":[{"embeddable":true,"href":"https:\/\/irankiuzona.lt\/ru\/wp-json\/wp\/v2\/media\/168669"}],"wp:attachment":[{"href":"https:\/\/irankiuzona.lt\/ru\/wp-json\/wp\/v2\/media?parent=400040"}],"wp:term":[{"taxonomy":"product_cat","embeddable":true,"href":"https:\/\/irankiuzona.lt\/ru\/wp-json\/wp\/v2\/product_cat?post=400040"},{"taxonomy":"product_tag","embeddable":true,"href":"https:\/\/irankiuzona.lt\/ru\/wp-json\/wp\/v2\/product_tag?post=400040"}],"curies":[{"name":"wp","href":"https:\/\/api.w.org\/{rel}","templated":true}]}}