{"id":400202,"date":"2025-04-05T06:15:58","date_gmt":"2025-04-05T06:15:58","guid":{"rendered":"https:\/\/irankiuzona.lt\/product\/domkratas-mechaninis-trapecinis-2-0ton\/"},"modified":"2026-05-09T08:45:38","modified_gmt":"2026-05-09T08:45:38","slug":"domkratas-mechaninis-trapecinis-2-0ton","status":"publish","type":"product","link":"https:\/\/irankiuzona.lt\/ru\/product\/domkratas-mechaninis-trapecinis-2-0ton\/","title":{"rendered":"Domkratas mechaninis trapecinis 2.0Ton"},"content":{"rendered":"<p>Automobilinis trapecinis domkratas-keltuvui iki 2ton\u0173 apkrovos, su d\u0117klu.K\u0117limo auk\u0161tis: 130-390 mm<\/p>","protected":false},"excerpt":{"rendered":"<p>Trapecinis mechaninis keltuvas automobiliui iki 2000kg, k\u0117limo auk\u0161tis 130-390mm<\/p>","protected":false},"featured_media":400204,"comment_status":"open","ping_status":"open","template":"","meta":[],"product_cat":[9915],"product_tag":[10151],"class_list":{"0":"post-400202","1":"product","2":"type-product","3":"status-publish","4":"has-post-thumbnail","6":"product_brand-lenkija-tiekejas","7":"product_cat-domkratai-mechaniniai","8":"product_tag-lenkija-tiekejas","10":"first","11":"outofstock","12":"purchasable","13":"product-type-simple"},"jetpack_sharing_enabled":true,"_links":{"self":[{"href":"https:\/\/irankiuzona.lt\/ru\/wp-json\/wp\/v2\/product\/400202","targetHints":{"allow":["GET"]}}],"collection":[{"href":"https:\/\/irankiuzona.lt\/ru\/wp-json\/wp\/v2\/product"}],"about":[{"href":"https:\/\/irankiuzona.lt\/ru\/wp-json\/wp\/v2\/types\/product"}],"replies":[{"embeddable":true,"href":"https:\/\/irankiuzona.lt\/ru\/wp-json\/wp\/v2\/comments?post=400202"}],"version-history":[{"count":1,"href":"https:\/\/irankiuzona.lt\/ru\/wp-json\/wp\/v2\/product\/400202\/revisions"}],"predecessor-version":[{"id":426383,"href":"https:\/\/irankiuzona.lt\/ru\/wp-json\/wp\/v2\/product\/400202\/revisions\/426383"}],"wp:featuredmedia":[{"embeddable":true,"href":"https:\/\/irankiuzona.lt\/ru\/wp-json\/wp\/v2\/media\/400204"}],"wp:attachment":[{"href":"https:\/\/irankiuzona.lt\/ru\/wp-json\/wp\/v2\/media?parent=400202"}],"wp:term":[{"taxonomy":"product_cat","embeddable":true,"href":"https:\/\/irankiuzona.lt\/ru\/wp-json\/wp\/v2\/product_cat?post=400202"},{"taxonomy":"product_tag","embeddable":true,"href":"https:\/\/irankiuzona.lt\/ru\/wp-json\/wp\/v2\/product_tag?post=400202"}],"curies":[{"name":"wp","href":"https:\/\/api.w.org\/{rel}","templated":true}]}}