{"id":400471,"date":"2025-04-16T23:05:59","date_gmt":"2025-04-16T23:05:59","guid":{"rendered":"https:\/\/irankiuzona.lt\/product\/darbo-lempa-ikraunamasulankstoma-cob-led-800lm-slim-light-3-in-1\/"},"modified":"2026-05-16T00:47:01","modified_gmt":"2026-05-16T00:47:01","slug":"darbo-lempa-ikraunamasulankstoma-cob-led-800lm-slim-light-3-in-1","status":"publish","type":"product","link":"https:\/\/irankiuzona.lt\/ru\/product\/darbo-lempa-ikraunamasulankstoma-cob-led-800lm-slim-light-3-in-1\/","title":{"rendered":"Darbo lempa \u012fkraunama,sulankstoma \/ COB-LED \/ 800Lm \u201dSlim Light 3-in-1\u201c"},"content":{"rendered":"<p>Techniniai duomenys:Pro\u017eektorius: 120 liumen\u0173 (didel\u0117s galios SMD LED), ap\u0161vietimo laikas apytiksl. 9 valandos\u0160oninis ap\u0161vietimas: 400 liumen\u0173 (COB LED), degimo laikas apytiksl. 4,5 valandosPagrindin\u0117 \u0161viesa: 400 \/ 800 liumen\u0173 (COB-LED), degimo laikas apytiksl. 2,5 \/ 4,5 valandosBaterija: li\u010dio jon\u0173, 3,7 V, 2600 mAh<br \/>\n\u012ekrovimo laikas:USB-C laidas: apytiksl. 3,5 valandosBelaidis: apytiksl. 5,5 valandos<\/p>","protected":false},"excerpt":{"rendered":"<p>Darbo lempa \u012fkraunama,sulankstoma \/ COB-LED \/ 800Lm \u201dSlim Light 3-in-1\u201c<\/p>","protected":false},"featured_media":400473,"comment_status":"open","ping_status":"open","template":"","meta":[],"product_cat":[9854],"product_tag":[9462],"class_list":{"0":"post-400471","1":"product","2":"type-product","3":"status-publish","4":"has-post-thumbnail","6":"product_brand-condor-werkzeug-vokietija","7":"product_cat-lempos-ikraunamos","8":"product_tag-condor-werkzeug-vokietija","10":"first","11":"instock","12":"purchasable","13":"product-type-simple"},"jetpack_sharing_enabled":true,"_links":{"self":[{"href":"https:\/\/irankiuzona.lt\/ru\/wp-json\/wp\/v2\/product\/400471","targetHints":{"allow":["GET"]}}],"collection":[{"href":"https:\/\/irankiuzona.lt\/ru\/wp-json\/wp\/v2\/product"}],"about":[{"href":"https:\/\/irankiuzona.lt\/ru\/wp-json\/wp\/v2\/types\/product"}],"replies":[{"embeddable":true,"href":"https:\/\/irankiuzona.lt\/ru\/wp-json\/wp\/v2\/comments?post=400471"}],"version-history":[{"count":1,"href":"https:\/\/irankiuzona.lt\/ru\/wp-json\/wp\/v2\/product\/400471\/revisions"}],"predecessor-version":[{"id":426351,"href":"https:\/\/irankiuzona.lt\/ru\/wp-json\/wp\/v2\/product\/400471\/revisions\/426351"}],"wp:featuredmedia":[{"embeddable":true,"href":"https:\/\/irankiuzona.lt\/ru\/wp-json\/wp\/v2\/media\/400473"}],"wp:attachment":[{"href":"https:\/\/irankiuzona.lt\/ru\/wp-json\/wp\/v2\/media?parent=400471"}],"wp:term":[{"taxonomy":"product_cat","embeddable":true,"href":"https:\/\/irankiuzona.lt\/ru\/wp-json\/wp\/v2\/product_cat?post=400471"},{"taxonomy":"product_tag","embeddable":true,"href":"https:\/\/irankiuzona.lt\/ru\/wp-json\/wp\/v2\/product_tag?post=400471"}],"curies":[{"name":"wp","href":"https:\/\/api.w.org\/{rel}","templated":true}]}}