{"id":400501,"date":"2025-04-16T23:06:20","date_gmt":"2025-04-16T23:06:20","guid":{"rendered":"https:\/\/irankiuzona.lt\/product\/reples-soninio-kandimo-znyples-165mm\/"},"modified":"2026-05-15T15:45:51","modified_gmt":"2026-05-15T15:45:51","slug":"reples-soninio-kandimo-znyples-165mm","status":"publish","type":"product","link":"https:\/\/irankiuzona.lt\/ru\/product\/reples-soninio-kandimo-znyples-165mm\/","title":{"rendered":"Repl\u0117s \u0161oninio kandimo, \u017enypl\u0117s 165mm"},"content":{"rendered":"<p>165mm<\/p>","protected":false},"excerpt":{"rendered":"<p>Repl\u0117s \u0161oninio kandimo, \u017enypl\u0117s 165mm<\/p>","protected":false},"featured_media":400503,"comment_status":"open","ping_status":"open","template":"","meta":[],"product_cat":[9661],"product_tag":[9462],"class_list":{"0":"post-400501","1":"product","2":"type-product","3":"status-publish","4":"has-post-thumbnail","6":"product_brand-condor-werkzeug-vokietija","7":"product_cat-reples-soninio-kandimo-znyples-trosui","8":"product_tag-condor-werkzeug-vokietija","10":"first","11":"instock","12":"purchasable","13":"product-type-simple"},"jetpack_sharing_enabled":true,"_links":{"self":[{"href":"https:\/\/irankiuzona.lt\/ru\/wp-json\/wp\/v2\/product\/400501","targetHints":{"allow":["GET"]}}],"collection":[{"href":"https:\/\/irankiuzona.lt\/ru\/wp-json\/wp\/v2\/product"}],"about":[{"href":"https:\/\/irankiuzona.lt\/ru\/wp-json\/wp\/v2\/types\/product"}],"replies":[{"embeddable":true,"href":"https:\/\/irankiuzona.lt\/ru\/wp-json\/wp\/v2\/comments?post=400501"}],"version-history":[{"count":1,"href":"https:\/\/irankiuzona.lt\/ru\/wp-json\/wp\/v2\/product\/400501\/revisions"}],"predecessor-version":[{"id":426366,"href":"https:\/\/irankiuzona.lt\/ru\/wp-json\/wp\/v2\/product\/400501\/revisions\/426366"}],"wp:featuredmedia":[{"embeddable":true,"href":"https:\/\/irankiuzona.lt\/ru\/wp-json\/wp\/v2\/media\/400503"}],"wp:attachment":[{"href":"https:\/\/irankiuzona.lt\/ru\/wp-json\/wp\/v2\/media?parent=400501"}],"wp:term":[{"taxonomy":"product_cat","embeddable":true,"href":"https:\/\/irankiuzona.lt\/ru\/wp-json\/wp\/v2\/product_cat?post=400501"},{"taxonomy":"product_tag","embeddable":true,"href":"https:\/\/irankiuzona.lt\/ru\/wp-json\/wp\/v2\/product_tag?post=400501"}],"curies":[{"name":"wp","href":"https:\/\/api.w.org\/{rel}","templated":true}]}}