{"id":400534,"date":"2025-04-16T23:06:41","date_gmt":"2025-04-16T23:06:41","guid":{"rendered":"https:\/\/irankiuzona.lt\/product\/reples-pusasio-fiksavimo-ziedui\/"},"modified":"2026-05-14T23:36:07","modified_gmt":"2026-05-14T23:36:07","slug":"reples-pusasio-fiksavimo-ziedui","status":"publish","type":"product","link":"https:\/\/irankiuzona.lt\/ru\/product\/reples-pusasio-fiksavimo-ziedui\/","title":{"rendered":"Repl\u0117s pusa\u0161io fiksavimo \u017eiedui"},"content":{"rendered":"<p>Varom\u0173j\u0173 velen\u0173 apkabos (pusa\u0161i\u0173) \u017eiedams suspausti.<\/p>","protected":false},"excerpt":{"rendered":"<p>Repl\u0117s pusa\u0161io fiksavimo \u017eiedui-s\u0105var\u017eai<\/p>","protected":false},"featured_media":400536,"comment_status":"open","ping_status":"open","template":"","meta":[],"product_cat":[9764],"product_tag":[11005],"class_list":{"0":"post-400534","1":"product","2":"type-product","3":"status-publish","4":"has-post-thumbnail","6":"product_brand-quatros-lenkija","7":"product_cat-irankiai-granatoms-pusasiu-gumoms-savarzos","8":"product_tag-quatros-lenkija","10":"first","11":"instock","12":"purchasable","13":"product-type-simple"},"jetpack_sharing_enabled":true,"_links":{"self":[{"href":"https:\/\/irankiuzona.lt\/ru\/wp-json\/wp\/v2\/product\/400534","targetHints":{"allow":["GET"]}}],"collection":[{"href":"https:\/\/irankiuzona.lt\/ru\/wp-json\/wp\/v2\/product"}],"about":[{"href":"https:\/\/irankiuzona.lt\/ru\/wp-json\/wp\/v2\/types\/product"}],"replies":[{"embeddable":true,"href":"https:\/\/irankiuzona.lt\/ru\/wp-json\/wp\/v2\/comments?post=400534"}],"version-history":[{"count":1,"href":"https:\/\/irankiuzona.lt\/ru\/wp-json\/wp\/v2\/product\/400534\/revisions"}],"predecessor-version":[{"id":426471,"href":"https:\/\/irankiuzona.lt\/ru\/wp-json\/wp\/v2\/product\/400534\/revisions\/426471"}],"wp:featuredmedia":[{"embeddable":true,"href":"https:\/\/irankiuzona.lt\/ru\/wp-json\/wp\/v2\/media\/400536"}],"wp:attachment":[{"href":"https:\/\/irankiuzona.lt\/ru\/wp-json\/wp\/v2\/media?parent=400534"}],"wp:term":[{"taxonomy":"product_cat","embeddable":true,"href":"https:\/\/irankiuzona.lt\/ru\/wp-json\/wp\/v2\/product_cat?post=400534"},{"taxonomy":"product_tag","embeddable":true,"href":"https:\/\/irankiuzona.lt\/ru\/wp-json\/wp\/v2\/product_tag?post=400534"}],"curies":[{"name":"wp","href":"https:\/\/api.w.org\/{rel}","templated":true}]}}