{"id":400537,"date":"2025-04-16T23:06:45","date_gmt":"2025-04-16T23:06:45","guid":{"rendered":"https:\/\/irankiuzona.lt\/product\/galvute-1-2-suportams-7-kampe-22mm-audi\/"},"modified":"2026-05-15T02:09:56","modified_gmt":"2026-05-15T02:09:56","slug":"galvute-1-2-suportams-7-kampe-22mm-audi","status":"publish","type":"product","link":"https:\/\/irankiuzona.lt\/ru\/product\/galvute-1-2-suportams-7-kampe-22mm-audi\/","title":{"rendered":"Galvut\u0117 1\/2 suportams 7-kamp\u0117 22mm (AUDI)"},"content":{"rendered":"<p>AUDI S5 \/ AUDI Q5<\/p>","protected":false},"excerpt":{"rendered":"<p>Spec galvut\u0117 1\/2 stabd\u017ei\u0173 suportams 22mm 7-kamp\u0173 (AUDI S5 &#038; AUDI Q5)<\/p>","protected":false},"featured_media":400539,"comment_status":"open","ping_status":"open","template":"","meta":[],"product_cat":[9540],"product_tag":[11005],"class_list":{"0":"post-400537","1":"product","2":"type-product","3":"status-publish","4":"has-post-thumbnail","6":"product_brand-quatros-lenkija","7":"product_cat-suportu-remonto-irankiai","8":"product_tag-quatros-lenkija","10":"first","11":"instock","12":"purchasable","13":"product-type-simple"},"jetpack_sharing_enabled":true,"_links":{"self":[{"href":"https:\/\/irankiuzona.lt\/ru\/wp-json\/wp\/v2\/product\/400537","targetHints":{"allow":["GET"]}}],"collection":[{"href":"https:\/\/irankiuzona.lt\/ru\/wp-json\/wp\/v2\/product"}],"about":[{"href":"https:\/\/irankiuzona.lt\/ru\/wp-json\/wp\/v2\/types\/product"}],"replies":[{"embeddable":true,"href":"https:\/\/irankiuzona.lt\/ru\/wp-json\/wp\/v2\/comments?post=400537"}],"version-history":[{"count":1,"href":"https:\/\/irankiuzona.lt\/ru\/wp-json\/wp\/v2\/product\/400537\/revisions"}],"predecessor-version":[{"id":426473,"href":"https:\/\/irankiuzona.lt\/ru\/wp-json\/wp\/v2\/product\/400537\/revisions\/426473"}],"wp:featuredmedia":[{"embeddable":true,"href":"https:\/\/irankiuzona.lt\/ru\/wp-json\/wp\/v2\/media\/400539"}],"wp:attachment":[{"href":"https:\/\/irankiuzona.lt\/ru\/wp-json\/wp\/v2\/media?parent=400537"}],"wp:term":[{"taxonomy":"product_cat","embeddable":true,"href":"https:\/\/irankiuzona.lt\/ru\/wp-json\/wp\/v2\/product_cat?post=400537"},{"taxonomy":"product_tag","embeddable":true,"href":"https:\/\/irankiuzona.lt\/ru\/wp-json\/wp\/v2\/product_tag?post=400537"}],"curies":[{"name":"wp","href":"https:\/\/api.w.org\/{rel}","templated":true}]}}