{"id":400865,"date":"2025-04-26T00:27:22","date_gmt":"2025-04-26T00:27:22","guid":{"rendered":"https:\/\/irankiuzona.lt\/product\/variklio-blokavimo-komplektas-rover-2-0-2-5-v6\/"},"modified":"2026-05-14T17:24:45","modified_gmt":"2026-05-14T17:24:45","slug":"variklio-blokavimo-komplektas-rover-2-0-2-5-v6","status":"publish","type":"product","link":"https:\/\/irankiuzona.lt\/ru\/product\/variklio-blokavimo-komplektas-rover-2-0-2-5-v6\/","title":{"rendered":"Variklio blokavimo komplektas Rover 2.0\/2.5 V6"},"content":{"rendered":"<p>ROVER 45, 75 (99-05), 825 (96-99)MG ZT, ZT-T, ZS (99-05)LAND ROVER Freelander (00-06)Varikliai: 2,0 V6 \/ 2,5 V6- Skirstomojo veleno fiksavimo \u012frankis (OEM: LRT12-196 \/ 18G 1747)- Skirstomojo veleno fiksavimo \u012frankio adapteris 2.0 (OEM: LRT12-187)- Skirstomojo veleno fiksavimo \u012frankio adapteris 2.5 (OEM: 18G 1747-2)- Galinio skirstomojo veleno \u017evaig\u017edut\u0117s nustatymo \u012frankis (OEM: LRT12-175)- \u012etempiklio fiksavimo kai\u0161tis- Galinio skirstomojo veleno \u017evaig\u017edut\u0117s barstytuvas (OEM: LRT12-195)- Galinio kum\u0161telinio veleno \u017evaig\u017edut\u0117s kreipiamojo kai\u0161tis (OEM: LRT12-198 \/ 18G 1746A)- Alk\u016bninio veleno fiksavimo kai\u0161tis (OEM: LRT12-232 \/ 18G 1747-5)- Galinio skirstomojo veleno \u017evaig\u017edut\u0117s laikymo \u012frankis (OEM: LRT12-175 \/ 18G 1747-1)<\/p>","protected":false},"excerpt":{"rendered":"<p>Variklio fiksavimo \u012franki\u0173 komplektas degimo nustatymui Rover \/ Land Rover \/ MG 2,0\/2,5 V6 varikliams.<\/p>","protected":false},"featured_media":400867,"comment_status":"open","ping_status":"open","template":"","meta":[],"product_cat":[9821],"product_tag":[11005],"class_list":{"0":"post-400865","1":"product","2":"type-product","3":"status-publish","4":"has-post-thumbnail","6":"product_brand-quatros-lenkija","7":"product_cat-chrysler-jeep-land-rover-jaguar-blokatoriai","8":"product_tag-quatros-lenkija","10":"first","11":"instock","12":"purchasable","13":"product-type-simple"},"jetpack_sharing_enabled":true,"_links":{"self":[{"href":"https:\/\/irankiuzona.lt\/ru\/wp-json\/wp\/v2\/product\/400865","targetHints":{"allow":["GET"]}}],"collection":[{"href":"https:\/\/irankiuzona.lt\/ru\/wp-json\/wp\/v2\/product"}],"about":[{"href":"https:\/\/irankiuzona.lt\/ru\/wp-json\/wp\/v2\/types\/product"}],"replies":[{"embeddable":true,"href":"https:\/\/irankiuzona.lt\/ru\/wp-json\/wp\/v2\/comments?post=400865"}],"version-history":[{"count":1,"href":"https:\/\/irankiuzona.lt\/ru\/wp-json\/wp\/v2\/product\/400865\/revisions"}],"predecessor-version":[{"id":426487,"href":"https:\/\/irankiuzona.lt\/ru\/wp-json\/wp\/v2\/product\/400865\/revisions\/426487"}],"wp:featuredmedia":[{"embeddable":true,"href":"https:\/\/irankiuzona.lt\/ru\/wp-json\/wp\/v2\/media\/400867"}],"wp:attachment":[{"href":"https:\/\/irankiuzona.lt\/ru\/wp-json\/wp\/v2\/media?parent=400865"}],"wp:term":[{"taxonomy":"product_cat","embeddable":true,"href":"https:\/\/irankiuzona.lt\/ru\/wp-json\/wp\/v2\/product_cat?post=400865"},{"taxonomy":"product_tag","embeddable":true,"href":"https:\/\/irankiuzona.lt\/ru\/wp-json\/wp\/v2\/product_tag?post=400865"}],"curies":[{"name":"wp","href":"https:\/\/api.w.org\/{rel}","templated":true}]}}