{"id":400898,"date":"2025-04-26T00:27:41","date_gmt":"2025-04-26T00:27:41","guid":{"rendered":"https:\/\/irankiuzona.lt\/product\/hidraulinis-stabdziu-vamzdeliu-valcavimo-irankis\/"},"modified":"2026-04-17T09:02:17","modified_gmt":"2026-04-17T09:02:17","slug":"hidraulinis-stabdziu-vamzdeliu-valcavimo-irankis","status":"publish","type":"product","link":"https:\/\/irankiuzona.lt\/ru\/product\/hidraulinis-stabdziu-vamzdeliu-valcavimo-irankis\/","title":{"rendered":"Hidraulinis stabd\u017ei\u0173 vamzdeli\u0173 valcavimo \u012frankis"},"content":{"rendered":"<p>Profesionalus hidraulinis valcavimo \u012frankis su 8Ton hidrauliniu var\u017etu. Tinka stabd\u017ei\u0173 vamzdeliui valcuoti tiesiai ant transporto priemon\u0117s. Puikiai tinka stabd\u017ei\u0173 vamzd\u017eio skersmeniui: 4,75 mm (3\/16&quot;), 5 mm ir 6,35 mm (1\/4&quot;), med\u017eiaga: plienas, aliuminis, varis, \u017ealvaris ir vario nikelis. Komplekte yra 5 vnt adapteriai, tinkantys tiek vienguboms (OP1), tiek dviguboms (OP2) juostin\u0117ms raket\u0117ms SAE ir DIN74234 formoms.<\/p>","protected":false},"excerpt":{"rendered":"<p>Hidraulinis 4,75mm\/5mm\/6,35mm vamzdeli\u0173 valcavimo \u012frankis (stabd\u017ei\u0173 sistemai)<\/p>","protected":false},"featured_media":400900,"comment_status":"open","ping_status":"open","template":"","meta":[],"product_cat":[9567],"product_tag":[11005],"class_list":{"0":"post-400898","1":"product","2":"type-product","3":"status-publish","4":"has-post-thumbnail","6":"product_brand-quatros-lenkija","7":"product_cat-vamzdeliu-valcavimui","8":"product_tag-quatros-lenkija","10":"first","11":"instock","12":"purchasable","13":"product-type-simple"},"jetpack_sharing_enabled":true,"_links":{"self":[{"href":"https:\/\/irankiuzona.lt\/ru\/wp-json\/wp\/v2\/product\/400898","targetHints":{"allow":["GET"]}}],"collection":[{"href":"https:\/\/irankiuzona.lt\/ru\/wp-json\/wp\/v2\/product"}],"about":[{"href":"https:\/\/irankiuzona.lt\/ru\/wp-json\/wp\/v2\/types\/product"}],"replies":[{"embeddable":true,"href":"https:\/\/irankiuzona.lt\/ru\/wp-json\/wp\/v2\/comments?post=400898"}],"version-history":[{"count":1,"href":"https:\/\/irankiuzona.lt\/ru\/wp-json\/wp\/v2\/product\/400898\/revisions"}],"predecessor-version":[{"id":426499,"href":"https:\/\/irankiuzona.lt\/ru\/wp-json\/wp\/v2\/product\/400898\/revisions\/426499"}],"wp:featuredmedia":[{"embeddable":true,"href":"https:\/\/irankiuzona.lt\/ru\/wp-json\/wp\/v2\/media\/400900"}],"wp:attachment":[{"href":"https:\/\/irankiuzona.lt\/ru\/wp-json\/wp\/v2\/media?parent=400898"}],"wp:term":[{"taxonomy":"product_cat","embeddable":true,"href":"https:\/\/irankiuzona.lt\/ru\/wp-json\/wp\/v2\/product_cat?post=400898"},{"taxonomy":"product_tag","embeddable":true,"href":"https:\/\/irankiuzona.lt\/ru\/wp-json\/wp\/v2\/product_tag?post=400898"}],"curies":[{"name":"wp","href":"https:\/\/api.w.org\/{rel}","templated":true}]}}